{"id":666,"date":"2016-12-21T12:52:41","date_gmt":"2016-12-21T17:52:41","guid":{"rendered":"http:\/\/creditcounsellingcanada.ca\/?page_id=666\/"},"modified":"2020-08-28T13:40:21","modified_gmt":"2020-08-28T17:40:21","slug":"limportance-du-facteur-non-lucratif","status":"publish","type":"page","link":"https:\/\/dev.creditcounsellingcanada.ca\/fr\/limportance-du-facteur-non-lucratif\/","title":{"rendered":"L\u2019importance du facteur \u00e0 but non lucratif"},"content":{"rendered":"<p>[et_pb_section bb_built=\u00a0\u00bb1&Prime; admin_label=\u00a0\u00bbsection\u00a0\u00bb transparent_background=\u00a0\u00bboff\u00a0\u00bb allow_player_pause=\u00a0\u00bboff\u00a0\u00bb inner_shadow=\u00a0\u00bboff\u00a0\u00bb parallax=\u00a0\u00bboff\u00a0\u00bb parallax_method=\u00a0\u00bboff\u00a0\u00bb custom_padding=\u00a0\u00bb0px|0px|0px|0px\u00a0\u00bb padding_mobile=\u00a0\u00bbon\u00a0\u00bb make_fullwidth=\u00a0\u00bboff\u00a0\u00bb use_custom_width=\u00a0\u00bboff\u00a0\u00bb width_unit=\u00a0\u00bbon\u00a0\u00bb make_equal=\u00a0\u00bboff\u00a0\u00bb use_custom_gutter=\u00a0\u00bboff\u00a0\u00bb background_image=\u00a0\u00bbhttps:\/\/dev.creditcounsellingcanada.ca\/wp-content\/uploads\/2016\/12\/page-title-education.jpg\u00a0\u00bb module_class=\u00a0\u00bbpage-title-image\u00a0\u00bb custom_css_main_element=\u00a0\u00bbdisplay: none;\u00a0\u00bb custom_padding_tablet=\u00a0\u00bb0px|0px|0px|0px\u00a0\u00bb inner_width=\u00a0\u00bbauto\u00a0\u00bb inner_max_width=\u00a0\u00bb970px\u00a0\u00bb next_background_color=\u00a0\u00bb#ffffff\u00a0\u00bb][et_pb_row admin_label=\u00a0\u00bbrow\u00a0\u00bb make_fullwidth=\u00a0\u00bbon\u00a0\u00bb use_custom_width=\u00a0\u00bboff\u00a0\u00bb width_unit=\u00a0\u00bbon\u00a0\u00bb use_custom_gutter=\u00a0\u00bboff\u00a0\u00bb custom_padding=\u00a0\u00bb0px|0px|0px|0px\u00a0\u00bb padding_mobile=\u00a0\u00bbon\u00a0\u00bb allow_player_pause=\u00a0\u00bboff\u00a0\u00bb parallax=\u00a0\u00bboff\u00a0\u00bb parallax_method=\u00a0\u00bboff\u00a0\u00bb make_equal=\u00a0\u00bboff\u00a0\u00bb column_padding_mobile=\u00a0\u00bbon\u00a0\u00bb background_position=\u00a0\u00bbtop_left\u00a0\u00bb background_repeat=\u00a0\u00bbrepeat\u00a0\u00bb background_size=\u00a0\u00bbinitial\u00a0\u00bb module_class=\u00a0\u00bb et_pb_row_fullwidth\u00a0\u00bb width=\u00a0\u00bb89%\u00a0\u00bb width_tablet=\u00a0\u00bb80%\u00a0\u00bb width_last_edited=\u00a0\u00bbon|desktop\u00a0\u00bb max_width=\u00a0\u00bb89%\u00a0\u00bb max_width_tablet=\u00a0\u00bb80%\u00a0\u00bb max_width_last_edited=\u00a0\u00bbon|desktop\u00a0\u00bb][et_pb_column type=\u00a0\u00bb4_4&Prime; custom_padding__hover=\u00a0\u00bb|||\u00a0\u00bb custom_padding=\u00a0\u00bb|||\u00a0\u00bb parallax_method=\u00a0\u00bboff\u00a0\u00bb][et_pb_text admin_label=\u00a0\u00bbEducation Image Page Title\u00a0\u00bb background_layout=\u00a0\u00bblight\u00a0\u00bb text_orientation=\u00a0\u00bbleft\u00a0\u00bb use_border_color=\u00a0\u00bboff\u00a0\u00bb border_color=\u00a0\u00bb#ffffff\u00a0\u00bb border_style=\u00a0\u00bbsolid\u00a0\u00bb background_position=\u00a0\u00bbtop_left\u00a0\u00bb background_repeat=\u00a0\u00bbrepeat\u00a0\u00bb background_size=\u00a0\u00bbinitial\u00a0\u00bb]<\/p>\n<h2>EDUCATION<\/h2>\n<p>[\/et_pb_text][\/et_pb_column][\/et_pb_row][\/et_pb_section][et_pb_section bb_built=\u00a0\u00bb1&Prime; admin_label=\u00a0\u00bbsection\u00a0\u00bb transparent_background=\u00a0\u00bboff\u00a0\u00bb allow_player_pause=\u00a0\u00bboff\u00a0\u00bb inner_shadow=\u00a0\u00bboff\u00a0\u00bb parallax=\u00a0\u00bboff\u00a0\u00bb parallax_method=\u00a0\u00bboff\u00a0\u00bb padding_mobile=\u00a0\u00bbon\u00a0\u00bb make_fullwidth=\u00a0\u00bboff\u00a0\u00bb use_custom_width=\u00a0\u00bboff\u00a0\u00bb width_unit=\u00a0\u00bbon\u00a0\u00bb make_equal=\u00a0\u00bboff\u00a0\u00bb use_custom_gutter=\u00a0\u00bboff\u00a0\u00bb module_class=\u00a0\u00bbcustom-sidebar-page\u00a0\u00bb custom_padding=\u00a0\u00bb9px||9px|\u00a0\u00bb custom_padding_tablet=\u00a0\u00bb9px||9px|\u00a0\u00bb inner_width=\u00a0\u00bbauto\u00a0\u00bb inner_max_width=\u00a0\u00bb970px\u00a0\u00bb prev_background_color=\u00a0\u00bb#ffffff\u00a0\u00bb next_background_color=\u00a0\u00bb#000000&Prime;][et_pb_row admin_label=\u00a0\u00bbrow\u00a0\u00bb background_position=\u00a0\u00bbtop_left\u00a0\u00bb background_repeat=\u00a0\u00bbrepeat\u00a0\u00bb background_size=\u00a0\u00bbinitial\u00a0\u00bb width=\u00a0\u00bb80%\u00a0\u00bb max_width=\u00a0\u00bb970px\u00a0\u00bb][et_pb_column type=\u00a0\u00bb4_4&Prime; custom_padding__hover=\u00a0\u00bb|||\u00a0\u00bb custom_padding=\u00a0\u00bb|||\u00a0\u00bb parallax_method=\u00a0\u00bboff\u00a0\u00bb][et_pb_text use_border_color=\u00a0\u00bboff\u00a0\u00bb background_position=\u00a0\u00bbtop_left\u00a0\u00bb background_repeat=\u00a0\u00bbrepeat\u00a0\u00bb background_size=\u00a0\u00bbinitial\u00a0\u00bb _builder_version=\u00a0\u00bb3.27.4&Prime; text_text_shadow_horizontal_length=\u00a0\u00bbtext_text_shadow_style,%91object Object%93&Prime; text_text_shadow_horizontal_length_tablet=\u00a0\u00bb0px\u00a0\u00bb text_text_shadow_vertical_length=\u00a0\u00bbtext_text_shadow_style,%91object Object%93&Prime; text_text_shadow_vertical_length_tablet=\u00a0\u00bb0px\u00a0\u00bb text_text_shadow_blur_strength=\u00a0\u00bbtext_text_shadow_style,%91object Object%93&Prime; text_text_shadow_blur_strength_tablet=\u00a0\u00bb1px\u00a0\u00bb link_text_shadow_horizontal_length=\u00a0\u00bblink_text_shadow_style,%91object Object%93&Prime; link_text_shadow_horizontal_length_tablet=\u00a0\u00bb0px\u00a0\u00bb link_text_shadow_vertical_length=\u00a0\u00bblink_text_shadow_style,%91object Object%93&Prime; link_text_shadow_vertical_length_tablet=\u00a0\u00bb0px\u00a0\u00bb link_text_shadow_blur_strength=\u00a0\u00bblink_text_shadow_style,%91object Object%93&Prime; link_text_shadow_blur_strength_tablet=\u00a0\u00bb1px\u00a0\u00bb ul_text_shadow_horizontal_length=\u00a0\u00bbul_text_shadow_style,%91object Object%93&Prime; ul_text_shadow_horizontal_length_tablet=\u00a0\u00bb0px\u00a0\u00bb ul_text_shadow_vertical_length=\u00a0\u00bbul_text_shadow_style,%91object Object%93&Prime; ul_text_shadow_vertical_length_tablet=\u00a0\u00bb0px\u00a0\u00bb ul_text_shadow_blur_strength=\u00a0\u00bbul_text_shadow_style,%91object Object%93&Prime; ul_text_shadow_blur_strength_tablet=\u00a0\u00bb1px\u00a0\u00bb ol_text_shadow_horizontal_length=\u00a0\u00bbol_text_shadow_style,%91object Object%93&Prime; ol_text_shadow_horizontal_length_tablet=\u00a0\u00bb0px\u00a0\u00bb ol_text_shadow_vertical_length=\u00a0\u00bbol_text_shadow_style,%91object Object%93&Prime; ol_text_shadow_vertical_length_tablet=\u00a0\u00bb0px\u00a0\u00bb ol_text_shadow_blur_strength=\u00a0\u00bbol_text_shadow_style,%91object Object%93&Prime; ol_text_shadow_blur_strength_tablet=\u00a0\u00bb1px\u00a0\u00bb quote_text_shadow_horizontal_length=\u00a0\u00bbquote_text_shadow_style,%91object Object%93&Prime; quote_text_shadow_horizontal_length_tablet=\u00a0\u00bb0px\u00a0\u00bb quote_text_shadow_vertical_length=\u00a0\u00bbquote_text_shadow_style,%91object Object%93&Prime; quote_text_shadow_vertical_length_tablet=\u00a0\u00bb0px\u00a0\u00bb quote_text_shadow_blur_strength=\u00a0\u00bbquote_text_shadow_style,%91object Object%93&Prime; quote_text_shadow_blur_strength_tablet=\u00a0\u00bb1px\u00a0\u00bb header_text_shadow_horizontal_length=\u00a0\u00bbheader_text_shadow_style,%91object Object%93&Prime; header_text_shadow_horizontal_length_tablet=\u00a0\u00bb0px\u00a0\u00bb header_text_shadow_vertical_length=\u00a0\u00bbheader_text_shadow_style,%91object Object%93&Prime; header_text_shadow_vertical_length_tablet=\u00a0\u00bb0px\u00a0\u00bb header_text_shadow_blur_strength=\u00a0\u00bbheader_text_shadow_style,%91object Object%93&Prime; header_text_shadow_blur_strength_tablet=\u00a0\u00bb1px\u00a0\u00bb header_2_text_shadow_horizontal_length=\u00a0\u00bbheader_2_text_shadow_style,%91object Object%93&Prime; header_2_text_shadow_horizontal_length_tablet=\u00a0\u00bb0px\u00a0\u00bb header_2_text_shadow_vertical_length=\u00a0\u00bbheader_2_text_shadow_style,%91object Object%93&Prime; header_2_text_shadow_vertical_length_tablet=\u00a0\u00bb0px\u00a0\u00bb header_2_text_shadow_blur_strength=\u00a0\u00bbheader_2_text_shadow_style,%91object Object%93&Prime; header_2_text_shadow_blur_strength_tablet=\u00a0\u00bb1px\u00a0\u00bb header_3_text_shadow_horizontal_length=\u00a0\u00bbheader_3_text_shadow_style,%91object Object%93&Prime; header_3_text_shadow_horizontal_length_tablet=\u00a0\u00bb0px\u00a0\u00bb header_3_text_shadow_vertical_length=\u00a0\u00bbheader_3_text_shadow_style,%91object Object%93&Prime; header_3_text_shadow_vertical_length_tablet=\u00a0\u00bb0px\u00a0\u00bb header_3_text_shadow_blur_strength=\u00a0\u00bbheader_3_text_shadow_style,%91object Object%93&Prime; header_3_text_shadow_blur_strength_tablet=\u00a0\u00bb1px\u00a0\u00bb header_4_text_shadow_horizontal_length=\u00a0\u00bbheader_4_text_shadow_style,%91object Object%93&Prime; header_4_text_shadow_horizontal_length_tablet=\u00a0\u00bb0px\u00a0\u00bb header_4_text_shadow_vertical_length=\u00a0\u00bbheader_4_text_shadow_style,%91object Object%93&Prime; header_4_text_shadow_vertical_length_tablet=\u00a0\u00bb0px\u00a0\u00bb header_4_text_shadow_blur_strength=\u00a0\u00bbheader_4_text_shadow_style,%91object Object%93&Prime; header_4_text_shadow_blur_strength_tablet=\u00a0\u00bb1px\u00a0\u00bb header_5_text_shadow_horizontal_length=\u00a0\u00bbheader_5_text_shadow_style,%91object Object%93&Prime; header_5_text_shadow_horizontal_length_tablet=\u00a0\u00bb0px\u00a0\u00bb header_5_text_shadow_vertical_length=\u00a0\u00bbheader_5_text_shadow_style,%91object Object%93&Prime; header_5_text_shadow_vertical_length_tablet=\u00a0\u00bb0px\u00a0\u00bb header_5_text_shadow_blur_strength=\u00a0\u00bbheader_5_text_shadow_style,%91object Object%93&Prime; header_5_text_shadow_blur_strength_tablet=\u00a0\u00bb1px\u00a0\u00bb header_6_text_shadow_horizontal_length=\u00a0\u00bbheader_6_text_shadow_style,%91object Object%93&Prime; header_6_text_shadow_horizontal_length_tablet=\u00a0\u00bb0px\u00a0\u00bb header_6_text_shadow_vertical_length=\u00a0\u00bbheader_6_text_shadow_style,%91object Object%93&Prime; header_6_text_shadow_vertical_length_tablet=\u00a0\u00bb0px\u00a0\u00bb header_6_text_shadow_blur_strength=\u00a0\u00bbheader_6_text_shadow_style,%91object Object%93&Prime; header_6_text_shadow_blur_strength_tablet=\u00a0\u00bb1px\u00a0\u00bb box_shadow_horizontal_tablet=\u00a0\u00bb0px\u00a0\u00bb box_shadow_vertical_tablet=\u00a0\u00bb0px\u00a0\u00bb box_shadow_blur_tablet=\u00a0\u00bb40px\u00a0\u00bb box_shadow_spread_tablet=\u00a0\u00bb0px\u00a0\u00bb z_index_tablet=\u00a0\u00bb500&Prime;]<\/p>\n<h1 class=\"h2-redstroke\">L\u2019IMPORTANCE DU FACTEUR \u00c0 BUT NON LUCRATIF<\/h1>\n<p>Il existe de nombreuses compagnies qui sont pr\u00eates \u00e0 vous aider pour la gestion de dettes, la consolidation de dettes, les conseils en mati\u00e8re de dette et plus encore. Bon nombre de ces compagnies peuvent avoir votre int\u00e9r\u00eat \u00e0 c\u0153ur, mais la plupart sont des entreprises \u00e0 but lucratif qui cherchent \u00e0 maintenir leur chiffre d\u2019affaires. Il peut \u00eatre tr\u00e8s difficile de fournir des renseignements non biais\u00e9s et objectif lorsque la motivation est de r\u00e9aliser un profit.<\/p>\n<p>Conseil en cr\u00e9dit du canada est l\u2019association nationale pour les organismes de conseil en cr\u00e9dit \u00e0 but non lucratif qui \u0153uvrent sur les plans provincial, r\u00e9gional et local, partout au Canada. Seuls les organismes \u00e0 but non lucratif sont accept\u00e9s comme membres de l\u2019association par notre conseil d\u2019administration b\u00e9n\u00e9vole.<\/p>\n<div class='et-box et-info'>\n\t\t\t\t\t<div class='et-box-content'>Le terme \u00ab \u00e0 but non lucratif \u00bb d\u00e9signe un organisme qui \u0153uvre pour le bien de la population g\u00e9n\u00e9rale, sans chercher \u00e0 r\u00e9aliser un profit.<\/div><\/div>\n<p>Les organismes de conseil en cr\u00e9dit \u00e0 but non lucratif sont l\u00e0 pour aider les particuliers et les familles \u00e0 d\u00e9cortiquer leurs finances personnelles, sans tenter de vous vendre quoi que ce soit. Les clients re\u00e7oivent un soutien tr\u00e8s comp\u00e9tent gratuitement ou \u00e0 faibles co\u00fbts. Personne ne se voit refuser les services pour cause de ne pas \u00eatre en mesure de payer.<\/p>\n<p>Alors comment parvenons-nous \u00e0 subsister?&nbsp;Au moyen de dons, de subventions, Centraide, de programmes d\u2019aide aux employ\u00e9s, et certains frais exig\u00e9s des clients permet \u00e0 nos membres de couvrir leurs co\u00fbts.&nbsp;Les employ\u00e9s ne sont pas embauch\u00e9s pour dans le but de g\u00e9n\u00e9rer des affaires, et ne sont pas r\u00e9mun\u00e9r\u00e9s selon la solution de dette que vous choisissez.<\/p>\n<p>Nos membres ne cherchent pas \u00e0 vous offrir une solution rapide, mais ils peuvent vous aider \u00e0 explorer toutes vos options et \u00e0 examiner les pours et les contres pour chacune d\u2019elles. La premi\u00e8re priorit\u00e9 de tous les organismes membres est d\u2019\u00eatre compl\u00e8tement transparent, et de placer votre int\u00e9r\u00eat au premier plan.<br \/>\n&nbsp;<br \/>\n<div class='et-box et-info'>\n\t\t\t\t\t<div class='et-box-content'><ul>\n<li>Les valeurs fondamentales de Conseil en cr\u00e9dit du canada sont la confiance, la cr\u00e9dibilit\u00e9 et la d\u00e9fense des int\u00e9r\u00eats.<\/li>\n<li>CCC favorise la confiance de ses membres qui offrent un service objectif dans le secteur des conseils en cr\u00e9dit \u00e0 but non lucratif.<\/li>\n<li>CCC garantit la cr\u00e9dibilit\u00e9 au moyen de normes de pratique uniformes et de qualit\u00e9 sup\u00e9rieure par ses membres.<\/li>\n<li>CCC offre une d\u00e9fense des int\u00e9r\u00eats au nom de ses membres en ce qui a trait \u00e0 la litt\u00e9ratie financi\u00e8re des consommateurs.<\/li>\n<\/ul><\/div><\/div><\/p>\n<p>[\/et_pb_text][\/et_pb_column][\/et_pb_row][\/et_pb_section]<\/p>\n","protected":false},"excerpt":{"rendered":"<p>EDUCATION L\u2019IMPORTANCE DU FACTEUR \u00c0 BUT NON LUCRATIF Il existe de nombreuses compagnies qui sont pr\u00eates \u00e0 vous aider pour la gestion de dettes, la consolidation de dettes, les conseils [&hellip;]<\/p>\n","protected":false},"author":1,"featured_media":0,"parent":0,"menu_order":0,"comment_status":"closed","ping_status":"closed","template":"","meta":{"_et_pb_use_builder":"on","_et_pb_old_content":"<p>There are several companies who are ready and willing to help you with debt management, debt consolidation, debt counselling and more. Many of these companies may have your best interest at heart, but the majority are profit seeking enterprises looking to make their next dollar. It can be very difficult to provide unbiased and objective information when the motivation is to make money.<\/p><p>Credit Counselling Canada is the national association of not-for-profit credit counselling agencies that work provincially, regionally and locally throughout Canada. Only not-for-profit or charitable organizations are accepted as association members by our volunteer Board of Directors.<\/p><p>[box type=\"info\"]Not-for-profit (sometimes called non-profit) is an organization that conducts business for the benefit of the general public without seeking to make a profit.[\/box]<\/p><p>Not- for- profit credit counselling agencies exist to help individuals and families sort out their personal finances without selling you something. Clients receive highly-qualified support at little or no cost. No one is ever turned away or refused services based on inability to pay.<\/p><p>So how do we survive?\u00a0Donations, grants, United Way, employee assistance programs, and some client fees allow our members to cover their expenses.\u00a0Employees are not hired to generate business and are not paid based on the debt solution you choose.<br \/> Our members are not into quick fixes but can help you explore all your options and lay out the pros and cons for each of them. The number one priority for all member agencies is being fully transparent and putting your best interests first.<\/p><p>\u00a0<\/p><h3>Related Blog Posts<\/h3>","_et_gb_content_width":"","_monsterinsights_skip_tracking":false,"_monsterinsights_sitenote_active":false,"_monsterinsights_sitenote_note":"","_monsterinsights_sitenote_category":0,"footnotes":""},"class_list":["post-666","page","type-page","status-publish","hentry"],"yoast_head":"<!-- This site is optimized with the Yoast SEO plugin v27.2 - https:\/\/yoast.com\/product\/yoast-seo-wordpress\/ -->\n<title>L\u2019importance du facteur \u00e0 but non lucratif - Conseil en cr\u00e9dit du Canada, 2017<\/title>\n<meta name=\"robots\" content=\"noindex, follow, max-snippet:-1, max-image-preview:large, max-video-preview:-1\" \/>\n<meta property=\"og:locale\" content=\"fr_FR\" \/>\n<meta property=\"og:type\" content=\"article\" \/>\n<meta property=\"og:title\" content=\"L\u2019importance du facteur \u00e0 but non lucratif - Conseil en cr\u00e9dit du Canada, 2017\" \/>\n<meta property=\"og:description\" content=\"EDUCATION L\u2019IMPORTANCE DU FACTEUR \u00c0 BUT NON LUCRATIF Il existe de nombreuses compagnies qui sont pr\u00eates \u00e0 vous aider pour la gestion de dettes, la consolidation de dettes, les conseils [&hellip;]\" \/>\n<meta property=\"og:url\" content=\"https:\/\/dev.creditcounsellingcanada.ca\/fr\/limportance-du-facteur-non-lucratif\/\" \/>\n<meta property=\"og:site_name\" content=\"Conseil en cr\u00e9dit du Canada, 2017\" \/>\n<meta property=\"article:modified_time\" content=\"2020-08-28T17:40:21+00:00\" \/>\n<meta name=\"twitter:card\" content=\"summary_large_image\" \/>\n<meta name=\"twitter:label1\" content=\"Dur\u00e9e de lecture estim\u00e9e\" \/>\n\t<meta name=\"twitter:data1\" content=\"7 minutes\" \/>\n<script type=\"application\/ld+json\" class=\"yoast-schema-graph\">{\"@context\":\"https:\/\/schema.org\",\"@graph\":[{\"@type\":\"WebPage\",\"@id\":\"https:\/\/dev.creditcounsellingcanada.ca\/fr\/limportance-du-facteur-non-lucratif\/\",\"url\":\"https:\/\/dev.creditcounsellingcanada.ca\/fr\/limportance-du-facteur-non-lucratif\/\",\"name\":\"L\u2019importance du facteur \u00e0 but non lucratif - Conseil en cr\u00e9dit du Canada, 2017\",\"isPartOf\":{\"@id\":\"https:\/\/dev.creditcounsellingcanada.ca\/fr\/#website\"},\"datePublished\":\"2016-12-21T17:52:41+00:00\",\"dateModified\":\"2020-08-28T17:40:21+00:00\",\"breadcrumb\":{\"@id\":\"https:\/\/dev.creditcounsellingcanada.ca\/fr\/limportance-du-facteur-non-lucratif\/#breadcrumb\"},\"inLanguage\":\"fr-FR\",\"potentialAction\":[{\"@type\":\"ReadAction\",\"target\":[\"https:\/\/dev.creditcounsellingcanada.ca\/fr\/limportance-du-facteur-non-lucratif\/\"]}]},{\"@type\":\"BreadcrumbList\",\"@id\":\"https:\/\/dev.creditcounsellingcanada.ca\/fr\/limportance-du-facteur-non-lucratif\/#breadcrumb\",\"itemListElement\":[{\"@type\":\"ListItem\",\"position\":1,\"name\":\"Home\",\"item\":\"https:\/\/dev.creditcounsellingcanada.ca\/fr\/\"},{\"@type\":\"ListItem\",\"position\":2,\"name\":\"L\u2019importance du facteur \u00e0 but non lucratif\"}]},{\"@type\":\"WebSite\",\"@id\":\"https:\/\/dev.creditcounsellingcanada.ca\/fr\/#website\",\"url\":\"https:\/\/dev.creditcounsellingcanada.ca\/fr\/\",\"name\":\"Conseil en cr\u00e9dit du Canada, 2017\",\"description\":\"Canada\u2019s Specialists in Debt Consolidation Alternatives &amp; Credit Counselling\",\"potentialAction\":[{\"@type\":\"SearchAction\",\"target\":{\"@type\":\"EntryPoint\",\"urlTemplate\":\"https:\/\/dev.creditcounsellingcanada.ca\/fr\/?s={search_term_string}\"},\"query-input\":{\"@type\":\"PropertyValueSpecification\",\"valueRequired\":true,\"valueName\":\"search_term_string\"}}],\"inLanguage\":\"fr-FR\"}]}<\/script>\n<!-- \/ Yoast SEO plugin. -->","yoast_head_json":{"title":"L\u2019importance du facteur \u00e0 but non lucratif - Conseil en cr\u00e9dit du Canada, 2017","robots":{"index":"noindex","follow":"follow","max-snippet":"max-snippet:-1","max-image-preview":"max-image-preview:large","max-video-preview":"max-video-preview:-1"},"og_locale":"fr_FR","og_type":"article","og_title":"L\u2019importance du facteur \u00e0 but non lucratif - Conseil en cr\u00e9dit du Canada, 2017","og_description":"EDUCATION L\u2019IMPORTANCE DU FACTEUR \u00c0 BUT NON LUCRATIF Il existe de nombreuses compagnies qui sont pr\u00eates \u00e0 vous aider pour la gestion de dettes, la consolidation de dettes, les conseils [&hellip;]","og_url":"https:\/\/dev.creditcounsellingcanada.ca\/fr\/limportance-du-facteur-non-lucratif\/","og_site_name":"Conseil en cr\u00e9dit du Canada, 2017","article_modified_time":"2020-08-28T17:40:21+00:00","twitter_card":"summary_large_image","twitter_misc":{"Dur\u00e9e de lecture estim\u00e9e":"7 minutes"},"schema":{"@context":"https:\/\/schema.org","@graph":[{"@type":"WebPage","@id":"https:\/\/dev.creditcounsellingcanada.ca\/fr\/limportance-du-facteur-non-lucratif\/","url":"https:\/\/dev.creditcounsellingcanada.ca\/fr\/limportance-du-facteur-non-lucratif\/","name":"L\u2019importance du facteur \u00e0 but non lucratif - Conseil en cr\u00e9dit du Canada, 2017","isPartOf":{"@id":"https:\/\/dev.creditcounsellingcanada.ca\/fr\/#website"},"datePublished":"2016-12-21T17:52:41+00:00","dateModified":"2020-08-28T17:40:21+00:00","breadcrumb":{"@id":"https:\/\/dev.creditcounsellingcanada.ca\/fr\/limportance-du-facteur-non-lucratif\/#breadcrumb"},"inLanguage":"fr-FR","potentialAction":[{"@type":"ReadAction","target":["https:\/\/dev.creditcounsellingcanada.ca\/fr\/limportance-du-facteur-non-lucratif\/"]}]},{"@type":"BreadcrumbList","@id":"https:\/\/dev.creditcounsellingcanada.ca\/fr\/limportance-du-facteur-non-lucratif\/#breadcrumb","itemListElement":[{"@type":"ListItem","position":1,"name":"Home","item":"https:\/\/dev.creditcounsellingcanada.ca\/fr\/"},{"@type":"ListItem","position":2,"name":"L\u2019importance du facteur \u00e0 but non lucratif"}]},{"@type":"WebSite","@id":"https:\/\/dev.creditcounsellingcanada.ca\/fr\/#website","url":"https:\/\/dev.creditcounsellingcanada.ca\/fr\/","name":"Conseil en cr\u00e9dit du Canada, 2017","description":"Canada\u2019s Specialists in Debt Consolidation Alternatives &amp; Credit Counselling","potentialAction":[{"@type":"SearchAction","target":{"@type":"EntryPoint","urlTemplate":"https:\/\/dev.creditcounsellingcanada.ca\/fr\/?s={search_term_string}"},"query-input":{"@type":"PropertyValueSpecification","valueRequired":true,"valueName":"search_term_string"}}],"inLanguage":"fr-FR"}]}},"_links":{"self":[{"href":"https:\/\/dev.creditcounsellingcanada.ca\/fr\/wp-json\/wp\/v2\/pages\/666","targetHints":{"allow":["GET"]}}],"collection":[{"href":"https:\/\/dev.creditcounsellingcanada.ca\/fr\/wp-json\/wp\/v2\/pages"}],"about":[{"href":"https:\/\/dev.creditcounsellingcanada.ca\/fr\/wp-json\/wp\/v2\/types\/page"}],"author":[{"embeddable":true,"href":"https:\/\/dev.creditcounsellingcanada.ca\/fr\/wp-json\/wp\/v2\/users\/1"}],"replies":[{"embeddable":true,"href":"https:\/\/dev.creditcounsellingcanada.ca\/fr\/wp-json\/wp\/v2\/comments?post=666"}],"version-history":[{"count":7,"href":"https:\/\/dev.creditcounsellingcanada.ca\/fr\/wp-json\/wp\/v2\/pages\/666\/revisions"}],"predecessor-version":[{"id":7968,"href":"https:\/\/dev.creditcounsellingcanada.ca\/fr\/wp-json\/wp\/v2\/pages\/666\/revisions\/7968"}],"wp:attachment":[{"href":"https:\/\/dev.creditcounsellingcanada.ca\/fr\/wp-json\/wp\/v2\/media?parent=666"}],"curies":[{"name":"wp","href":"https:\/\/api.w.org\/{rel}","templated":true}]}}