{"id":664,"date":"2016-12-21T12:44:39","date_gmt":"2016-12-21T17:44:39","guid":{"rendered":"http:\/\/creditcounsellingcanada.ca\/?page_id=664\/"},"modified":"2018-07-10T16:02:55","modified_gmt":"2018-07-10T20:02:55","slug":"a-propos-de-nous","status":"publish","type":"page","link":"https:\/\/dev.creditcounsellingcanada.ca\/fr\/a-propos-de-nous\/","title":{"rendered":"\u00c0 propos de nous"},"content":{"rendered":"<p>[et_pb_section admin_label=\u00a0\u00bbsection\u00a0\u00bb transparent_background=\u00a0\u00bboff\u00a0\u00bb allow_player_pause=\u00a0\u00bboff\u00a0\u00bb inner_shadow=\u00a0\u00bboff\u00a0\u00bb parallax=\u00a0\u00bboff\u00a0\u00bb parallax_method=\u00a0\u00bboff\u00a0\u00bb custom_padding=\u00a0\u00bb0px|0px|0px|0px\u00a0\u00bb padding_mobile=\u00a0\u00bbon\u00a0\u00bb make_fullwidth=\u00a0\u00bboff\u00a0\u00bb use_custom_width=\u00a0\u00bboff\u00a0\u00bb width_unit=\u00a0\u00bbon\u00a0\u00bb make_equal=\u00a0\u00bboff\u00a0\u00bb use_custom_gutter=\u00a0\u00bboff\u00a0\u00bb background_image=\u00a0\u00bbhttps:\/\/dev.creditcounsellingcanada.ca\/wp-content\/uploads\/2016\/11\/CCC_Website_About-Us_Hero_alt.jpg\u00a0\u00bb module_class=\u00a0\u00bbpage-title-image\u00a0\u00bb][et_pb_row admin_label=\u00a0\u00bbrow\u00a0\u00bb make_fullwidth=\u00a0\u00bbon\u00a0\u00bb use_custom_width=\u00a0\u00bboff\u00a0\u00bb width_unit=\u00a0\u00bbon\u00a0\u00bb use_custom_gutter=\u00a0\u00bboff\u00a0\u00bb custom_padding=\u00a0\u00bb0px|0px|0px|0px\u00a0\u00bb padding_mobile=\u00a0\u00bbon\u00a0\u00bb allow_player_pause=\u00a0\u00bboff\u00a0\u00bb parallax=\u00a0\u00bboff\u00a0\u00bb parallax_method=\u00a0\u00bboff\u00a0\u00bb make_equal=\u00a0\u00bboff\u00a0\u00bb parallax_1=\u00a0\u00bboff\u00a0\u00bb parallax_method_1=\u00a0\u00bboff\u00a0\u00bb column_padding_mobile=\u00a0\u00bbon\u00a0\u00bb][et_pb_column type=\u00a0\u00bb4_4&Prime;][et_pb_post_title admin_label=\u00a0\u00bbPost Title\u00a0\u00bb title=\u00a0\u00bbon\u00a0\u00bb meta=\u00a0\u00bboff\u00a0\u00bb author=\u00a0\u00bbon\u00a0\u00bb date=\u00a0\u00bbon\u00a0\u00bb categories=\u00a0\u00bbon\u00a0\u00bb comments=\u00a0\u00bbon\u00a0\u00bb featured_image=\u00a0\u00bboff\u00a0\u00bb featured_placement=\u00a0\u00bbbelow\u00a0\u00bb parallax_effect=\u00a0\u00bbon\u00a0\u00bb parallax_method=\u00a0\u00bbon\u00a0\u00bb text_orientation=\u00a0\u00bbleft\u00a0\u00bb text_color=\u00a0\u00bbdark\u00a0\u00bb text_background=\u00a0\u00bboff\u00a0\u00bb text_bg_color=\u00a0\u00bbrgba(255,255,255,0.9)\u00a0\u00bb module_bg_color=\u00a0\u00bbrgba(255,255,255,0)\u00a0\u00bb title_all_caps=\u00a0\u00bboff\u00a0\u00bb use_border_color=\u00a0\u00bboff\u00a0\u00bb border_color=\u00a0\u00bb#ffffff\u00a0\u00bb border_style=\u00a0\u00bbsolid\u00a0\u00bb custom_margin=\u00a0\u00bb0px|0px|0px|0px\u00a0\u00bb custom_padding=\u00a0\u00bb0px|0px|0px|0px\u00a0\u00bb]<\/p>\n<p>&nbsp;<\/p>\n<p>[\/et_pb_post_title][\/et_pb_column][\/et_pb_row][\/et_pb_section][et_pb_section admin_label=\u00a0\u00bbSection\u00a0\u00bb fullwidth=\u00a0\u00bboff\u00a0\u00bb specialty=\u00a0\u00bboff\u00a0\u00bb transparent_background=\u00a0\u00bboff\u00a0\u00bb allow_player_pause=\u00a0\u00bboff\u00a0\u00bb inner_shadow=\u00a0\u00bboff\u00a0\u00bb parallax=\u00a0\u00bboff\u00a0\u00bb parallax_method=\u00a0\u00bboff\u00a0\u00bb make_fullwidth=\u00a0\u00bboff\u00a0\u00bb use_custom_width=\u00a0\u00bboff\u00a0\u00bb width_unit=\u00a0\u00bbon\u00a0\u00bb make_equal=\u00a0\u00bboff\u00a0\u00bb use_custom_gutter=\u00a0\u00bboff\u00a0\u00bb][et_pb_row admin_label=\u00a0\u00bbRow\u00a0\u00bb make_fullwidth=\u00a0\u00bboff\u00a0\u00bb use_custom_width=\u00a0\u00bboff\u00a0\u00bb width_unit=\u00a0\u00bbon\u00a0\u00bb use_custom_gutter=\u00a0\u00bbon\u00a0\u00bb gutter_width=\u00a0\u00bb2&Prime; allow_player_pause=\u00a0\u00bboff\u00a0\u00bb parallax=\u00a0\u00bboff\u00a0\u00bb parallax_method=\u00a0\u00bboff\u00a0\u00bb make_equal=\u00a0\u00bboff\u00a0\u00bb parallax_1=\u00a0\u00bboff\u00a0\u00bb parallax_method_1=\u00a0\u00bboff\u00a0\u00bb parallax_2=\u00a0\u00bboff\u00a0\u00bb parallax_method_2=\u00a0\u00bboff\u00a0\u00bb][et_pb_column type=\u00a0\u00bb1_2&Prime;][et_pb_text admin_label=\u00a0\u00bbText\u00a0\u00bb background_layout=\u00a0\u00bblight\u00a0\u00bb text_orientation=\u00a0\u00bbleft\u00a0\u00bb use_border_color=\u00a0\u00bboff\u00a0\u00bb border_color=\u00a0\u00bb#ffffff\u00a0\u00bb border_style=\u00a0\u00bbsolid\u00a0\u00bb]<\/p>\n<p style=\"-webkit-hyphens: auto; -ms-hyphens: auto; hyphens: auto; font-size: 18px; line-height: 1.6;\">Les conseils en cr\u00e9dit ne se limitent pas aux chiffres \u2013 ils permettent \u00e9galement de soulager le stress, de mieux dormir, d\u2019apprendre comment g\u00e9rer les finances et d\u2019\u00eatre prot\u00e9g\u00e9 \u00e0 titre de consommateur.<\/p>\n<p style=\"-webkit-hyphens: auto; -ms-hyphens: auto; hyphens: auto; font-size: 18px; line-height: 1.6;\">En tant qu\u2019organismes \u00e0 but non lucratif, nos 18 membres partout dans le pays se consacrent \u00e0 aider les personnes dans le besoin, et s\u2019engagent \u00e0 aider les membres de leur communaut\u00e9 \u00e0 mener une vie meilleure.<\/p>\n<p style=\"-webkit-hyphens: auto; -ms-hyphens: auto; hyphens: auto; font-size: 18px; line-height: 1.6;\">La qualit\u00e9 d\u00e9terminante des conseils en cr\u00e9dit dont font preuve nos membres est la sensibilit\u00e9 d\u00e9montr\u00e9e par les conseillers en mati\u00e8re de cr\u00e9dit, alors qu\u2019ils s\u2019\u00e9vertuent \u00e0 r\u00e9soudre vos difficult\u00e9s au moyen de solutions uniques selon vos besoins individuels.<\/p>\n<p style=\"-webkit-hyphens: auto; -ms-hyphens: auto; hyphens: auto; font-size: 18px; line-height: 1.6;\">Nous nous engageons \u00e0 faire en sorte que nos membres conservent les normes les plus \u00e9lev\u00e9es, par l\u2019entremise de notre programme d\u2019agr\u00e9ment, dans le but de vous offrir les meilleurs services possible. Des centaines de milliers de Canadiennes et de Canadiens ont obtenu de l\u2019aide, et vous le pouvez aussi!<\/p>\n<p>[\/et_pb_text][\/et_pb_column][et_pb_column type=\u00a0\u00bb1_2&Prime;][et_pb_text admin_label=\u00a0\u00bbYouTube Video\u00a0\u00bb background_layout=\u00a0\u00bblight\u00a0\u00bb text_orientation=\u00a0\u00bbleft\u00a0\u00bb use_border_color=\u00a0\u00bboff\u00a0\u00bb border_color=\u00a0\u00bb#ffffff\u00a0\u00bb border_style=\u00a0\u00bbsolid\u00a0\u00bb]<\/p>\n<div data-mode=\"normal\" data-oembed=\"1\" data-provider=\"youtube\" id=\"arve-youtube-ghrrqvrfy6i\" class=\"arve\">\n<div class=\"arve-inner\">\n<div style=\"aspect-ratio:135\/76\" class=\"arve-embed arve-embed--has-aspect-ratio\">\n<div class=\"arve-ar\" style=\"padding-top:56.296296%\"><\/div>\n<p>\t\t\t<iframe allow=\"accelerometer &apos;none&apos;;autoplay &apos;none&apos;;bluetooth &apos;none&apos;;browsing-topics &apos;none&apos;;camera &apos;none&apos;;clipboard-read &apos;none&apos;;clipboard-write;display-capture &apos;none&apos;;encrypted-media &apos;none&apos;;gamepad &apos;none&apos;;geolocation &apos;none&apos;;gyroscope &apos;none&apos;;hid &apos;none&apos;;identity-credentials-get &apos;none&apos;;idle-detection &apos;none&apos;;keyboard-map &apos;none&apos;;local-fonts;magnetometer &apos;none&apos;;microphone &apos;none&apos;;midi &apos;none&apos;;otp-credentials &apos;none&apos;;payment &apos;none&apos;;picture-in-picture;publickey-credentials-create &apos;none&apos;;publickey-credentials-get &apos;none&apos;;screen-wake-lock &apos;none&apos;;serial &apos;none&apos;;summarizer &apos;none&apos;;sync-xhr;usb &apos;none&apos;;web-share;window-management &apos;none&apos;;xr-spatial-tracking &apos;none&apos;;\" allowfullscreen=\"\" class=\"arve-iframe fitvidsignore\" credentialless data-arve=\"arve-youtube-ghrrqvrfy6i\" data-lenis-prevent=\"\" data-src-no-ap=\"https:\/\/www.youtube-nocookie.com\/embed\/GhrRqvRFy6I?feature=oembed&amp;iv_load_policy=3&amp;modestbranding=1&amp;rel=0&amp;autohide=1&amp;playsinline=0&amp;autoplay=0\" frameborder=\"0\" height=\"0\" loading=\"lazy\" name=\"\" referrerpolicy=\"strict-origin-when-cross-origin\" sandbox=\"allow-scripts allow-same-origin allow-presentation allow-popups allow-popups-to-escape-sandbox\" scrolling=\"no\" src=\"https:\/\/www.youtube-nocookie.com\/embed\/GhrRqvRFy6I?feature=oembed&#038;iv_load_policy=3&#038;modestbranding=1&#038;rel=0&#038;autohide=1&#038;playsinline=0&#038;autoplay=0\" title=\"\" width=\"0\"><\/iframe><\/p><\/div>\n<\/p><\/div>\n<p>\t<script type=\"application\/ld+json\">{\"@context\":\"http:\\\/\\\/schema.org\\\/\",\"@id\":\"https:\\\/\\\/dev.creditcounsellingcanada.ca\\\/fr\\\/a-propos-de-nous\\\/#arve-youtube-ghrrqvrfy6i\",\"type\":\"VideoObject\",\"embedURL\":\"https:\\\/\\\/www.youtube-nocookie.com\\\/embed\\\/GhrRqvRFy6I?feature=oembed&iv_load_policy=3&modestbranding=1&rel=0&autohide=1&playsinline=0&autoplay=0\"}<\/script><\/p>\n<\/div>\n<p>&nbsp;<\/p>\n<p><img loading=\"lazy\" decoding=\"async\" class=\"alignleft wp-image-255 size-full\" src=\"https:\/\/dev.creditcounsellingcanada.ca\/wp-content\/uploads\/2016\/12\/financial-literacy-education-final.jpg\" alt=\"financial literacy education\" width=\"681\" height=\"423\" srcset=\"https:\/\/dev.creditcounsellingcanada.ca\/wp-content\/uploads\/2016\/12\/financial-literacy-education-final.jpg 681w, https:\/\/dev.creditcounsellingcanada.ca\/wp-content\/uploads\/2016\/12\/financial-literacy-education-final-300x186.jpg 300w\" sizes=\"(max-width: 681px) 100vw, 681px\" \/><\/p>\n<p>[\/et_pb_text][\/et_pb_column][\/et_pb_row][\/et_pb_section][et_pb_section admin_label=\u00a0\u00bbSection\u00a0\u00bb fullwidth=\u00a0\u00bboff\u00a0\u00bb specialty=\u00a0\u00bboff\u00a0\u00bb transparent_background=\u00a0\u00bboff\u00a0\u00bb background_color=\u00a0\u00bb#f2f2f2&Prime; allow_player_pause=\u00a0\u00bboff\u00a0\u00bb inner_shadow=\u00a0\u00bboff\u00a0\u00bb parallax=\u00a0\u00bboff\u00a0\u00bb parallax_method=\u00a0\u00bboff\u00a0\u00bb padding_mobile=\u00a0\u00bbon\u00a0\u00bb make_fullwidth=\u00a0\u00bboff\u00a0\u00bb use_custom_width=\u00a0\u00bboff\u00a0\u00bb width_unit=\u00a0\u00bbon\u00a0\u00bb make_equal=\u00a0\u00bboff\u00a0\u00bb use_custom_gutter=\u00a0\u00bboff\u00a0\u00bb custom_padding=\u00a0\u00bb||30px|\u00a0\u00bb][et_pb_row admin_label=\u00a0\u00bbRow\u00a0\u00bb make_fullwidth=\u00a0\u00bboff\u00a0\u00bb use_custom_width=\u00a0\u00bboff\u00a0\u00bb width_unit=\u00a0\u00bbon\u00a0\u00bb use_custom_gutter=\u00a0\u00bbon\u00a0\u00bb gutter_width=\u00a0\u00bb2&Prime; padding_mobile=\u00a0\u00bboff\u00a0\u00bb allow_player_pause=\u00a0\u00bboff\u00a0\u00bb parallax=\u00a0\u00bboff\u00a0\u00bb parallax_method=\u00a0\u00bboff\u00a0\u00bb make_equal=\u00a0\u00bboff\u00a0\u00bb parallax_1=\u00a0\u00bboff\u00a0\u00bb parallax_method_1=\u00a0\u00bboff\u00a0\u00bb column_padding_mobile=\u00a0\u00bbon\u00a0\u00bb parallax_2=\u00a0\u00bboff\u00a0\u00bb parallax_method_2=\u00a0\u00bboff\u00a0\u00bb][et_pb_column type=\u00a0\u00bb1_3&Prime;][et_pb_text admin_label=\u00a0\u00bbMember Statistics\u00a0\u00bb background_layout=\u00a0\u00bblight\u00a0\u00bb text_orientation=\u00a0\u00bbleft\u00a0\u00bb use_border_color=\u00a0\u00bboff\u00a0\u00bb border_color=\u00a0\u00bb#ffffff\u00a0\u00bb border_style=\u00a0\u00bbsolid\u00a0\u00bb module_class=\u00a0\u00bbhome-member-highlights\u00a0\u00bb]<\/p>\n<div style=\"position: relative; max-width: 304px; margin: 0 auto; padding: 20px; background-image: url('https:\/\/dev.creditcounsellingcanada.ca\/wp-content\/uploads\/2017\/02\/about-us-top-left-image.jpg'); background-size: cover; height: 339px;\">\n<h2 class=\"testimonial-h2\" style=\"border-bottom: 1px solid #f03b34; padding-bottom: 6px;\">STATISTIQUES<\/h2>\n<p style=\"hyphens: manual; -webkit-hyphens: manual; -ms-hyphens: manual; -moz-hyphens: manual;\">Nos membres continuent d\u2019aborder les besoins souvent complexes des consommateurs. Voici certaines statistiques notables.<\/p>\n<p><a class=\"read-more-bottom-right\" style=\"position: relative; display: inline-block; margin-top: 20px;\" href=\"https:\/\/dev.creditcounsellingcanada.ca\/fr\/statistiques\/\">EXPLORER<\/a><\/p>\n<\/div>\n<p>[\/et_pb_text][et_pb_text admin_label=\u00a0\u00bbFind a counsellor\u00a0\u00bb background_layout=\u00a0\u00bblight\u00a0\u00bb text_orientation=\u00a0\u00bbleft\u00a0\u00bb use_border_color=\u00a0\u00bboff\u00a0\u00bb border_color=\u00a0\u00bb#ffffff\u00a0\u00bb border_style=\u00a0\u00bbsolid\u00a0\u00bb]<\/p>\n<div style=\"position: relative;\"><a class=\"read-more-bottom-right\" style=\"bottom: 50%; right: 50%; margin-right: -91px; margin-bottom: -19px;\" href=\"https:\/\/dev.creditcounsellingcanada.ca\/fr\/statistiques\/\">SUR LES MEMBRES<\/a><img loading=\"lazy\" decoding=\"async\" class=\"alignnone size-full wp-image-1769\" src=\"https:\/\/dev.creditcounsellingcanada.ca\/wp-content\/uploads\/2016\/11\/news-bottom-left.jpg\" sizes=\"(max-width: 304px) 100vw, 304px\" srcset=\"https:\/\/dev.creditcounsellingcanada.ca\/wp-content\/uploads\/2016\/11\/news-bottom-left.jpg 304w, https:\/\/dev.creditcounsellingcanada.ca\/wp-content\/uploads\/2016\/11\/news-bottom-left-300x159.jpg 300w\" alt=\"Credit Counselling of Canada Member Highlights\" width=\"304\" height=\"161\" \/><\/div>\n<p>[\/et_pb_text][\/et_pb_column][et_pb_column type=\u00a0\u00bb2_3&Prime;][et_pb_text admin_label=\u00a0\u00bbImportance of Non-Profit\u00a0\u00bb background_layout=\u00a0\u00bblight\u00a0\u00bb text_orientation=\u00a0\u00bbleft\u00a0\u00bb use_border_color=\u00a0\u00bboff\u00a0\u00bb border_color=\u00a0\u00bb#ffffff\u00a0\u00bb border_style=\u00a0\u00bbsolid\u00a0\u00bb module_class=\u00a0\u00bbhome-blog-dark home-press-release not-for-profit-box\u00a0\u00bb custom_css_main_element=\u00a0\u00bbmargin-bottom: 25px !important;\u00a0\u00bb]<\/p>\n<div style=\"position: relative;\">\n<p><a class=\"read-more-bottom-right\" href=\"https:\/\/dev.creditcounsellingcanada.ca\/fr\/limportance-du-facteur-non-lucratif\/\">EN SAVOIR PLUS<\/a><\/p>\n<div class=\"et_pb_post\" style=\"position: relative;\">\n<h2 class=\"entry-title\" style=\"border-bottom: 1px solid #f03b34; padding-bottom: 6px; text-transform: uppercase;\">L&rsquo;importance du facteur \u00e0 but non lucratif<\/h2>\n<div class=\"post-content\">\n<p style=\"padding-bottom: 1px;\">La premi\u00e8re priorit\u00e9 de tous les organismes membres est d\u2019\u00eatre compl\u00e8tement transparent, et de placer votre int\u00e9r\u00eat au premier plan.<\/p>\n<\/div>\n<\/div>\n<\/div>\n<p>[\/et_pb_text][et_pb_text admin_label=\u00a0\u00bbAccreditation\u00a0\u00bb background_layout=\u00a0\u00bblight\u00a0\u00bb text_orientation=\u00a0\u00bbleft\u00a0\u00bb use_border_color=\u00a0\u00bboff\u00a0\u00bb border_color=\u00a0\u00bb#ffffff\u00a0\u00bb border_style=\u00a0\u00bbsolid\u00a0\u00bb module_class=\u00a0\u00bbhome-news-block\u00a0\u00bb custom_css_main_element=\u00a0\u00bbbackground-size: cover !important;\u00a0\u00bb background_image=\u00a0\u00bbhttps:\/\/dev.creditcounsellingcanada.ca\/wp-content\/uploads\/2016\/11\/about-us-bottom-right-image.jpg\u00a0\u00bb]<\/p>\n<div style=\"position: relative;\">\n<div class=\"et_pb_post\" style=\"padding-bottom: 44px;\">\n<h2 class=\"entry-title\" style=\"border-bottom: 1px solid #f03b34; padding-bottom: 6px; max-width: 370px; text-transform: uppercase;\">Adh\u00e9sion, agr\u00e9ment et normes<\/h2>\n<div class=\"post-content\" style=\"max-width: 215px;\">\n<p style=\"hyphens: none; -webkit-hyphens: none; -moz-hyphens: none; -ms-hyphens: none;\">Nos mesures d\u2019agr\u00e9ment favorise une conformit\u00e9 aux normes de d\u00e9ontologie les plus \u00e9lev\u00e9es et aux meilleures pratiques d\u2019affaires.<\/p>\n<\/div>\n<p><a class=\"read-more-bottom-right\" href=\"https:\/\/dev.creditcounsellingcanada.ca\/fr\/adhesion-agrement-normes\/\">EN SAVOIR PLUS<\/a><\/p>\n<\/div>\n<\/div>\n<p>[\/et_pb_text][\/et_pb_column][\/et_pb_row][\/et_pb_section]<\/p>\n","protected":false},"excerpt":{"rendered":"<p>&nbsp; Les conseils en cr\u00e9dit ne se limitent pas aux chiffres \u2013 ils permettent \u00e9galement de soulager le stress, de mieux dormir, d\u2019apprendre comment g\u00e9rer les finances et d\u2019\u00eatre prot\u00e9g\u00e9 [&hellip;]<\/p>\n","protected":false},"author":1,"featured_media":0,"parent":0,"menu_order":0,"comment_status":"closed","ping_status":"closed","template":"","meta":{"_et_pb_use_builder":"on","_et_pb_old_content":"","_et_gb_content_width":"","_monsterinsights_skip_tracking":false,"_monsterinsights_sitenote_active":false,"_monsterinsights_sitenote_note":"","_monsterinsights_sitenote_category":0,"footnotes":""},"class_list":["post-664","page","type-page","status-publish","hentry"],"yoast_head":"<!-- This site is optimized with the Yoast SEO plugin v27.5 - https:\/\/yoast.com\/product\/yoast-seo-wordpress\/ -->\n<title>\u00c0 propos de nous - Conseil en cr\u00e9dit du Canada, 2017<\/title>\n<meta name=\"robots\" content=\"noindex, follow, max-snippet:-1, max-image-preview:large, max-video-preview:-1\" \/>\n<meta property=\"og:locale\" content=\"fr_FR\" \/>\n<meta property=\"og:type\" content=\"article\" \/>\n<meta property=\"og:title\" content=\"\u00c0 propos de nous - Conseil en cr\u00e9dit du Canada, 2017\" \/>\n<meta property=\"og:description\" content=\"&nbsp; Les conseils en cr\u00e9dit ne se limitent pas aux chiffres \u2013 ils permettent \u00e9galement de soulager le stress, de mieux dormir, d\u2019apprendre comment g\u00e9rer les finances et d\u2019\u00eatre prot\u00e9g\u00e9 [&hellip;]\" \/>\n<meta property=\"og:url\" content=\"https:\/\/dev.creditcounsellingcanada.ca\/fr\/a-propos-de-nous\/\" \/>\n<meta property=\"og:site_name\" content=\"Conseil en cr\u00e9dit du Canada, 2017\" \/>\n<meta property=\"article:modified_time\" content=\"2018-07-10T20:02:55+00:00\" \/>\n<meta property=\"og:image\" content=\"https:\/\/dev.creditcounsellingcanada.ca\/wp-content\/uploads\/2016\/12\/financial-literacy-education-final.jpg\" \/>\n<meta name=\"twitter:card\" content=\"summary_large_image\" \/>\n<meta name=\"twitter:label1\" content=\"Dur\u00e9e de lecture estim\u00e9e\" \/>\n\t<meta name=\"twitter:data1\" content=\"4 minutes\" \/>\n<script type=\"application\/ld+json\" class=\"yoast-schema-graph\">{\"@context\":\"https:\\\/\\\/schema.org\",\"@graph\":[{\"@type\":\"WebPage\",\"@id\":\"https:\\\/\\\/dev.creditcounsellingcanada.ca\\\/fr\\\/a-propos-de-nous\\\/\",\"url\":\"https:\\\/\\\/dev.creditcounsellingcanada.ca\\\/fr\\\/a-propos-de-nous\\\/\",\"name\":\"\u00c0 propos de nous - Conseil en cr\u00e9dit du Canada, 2017\",\"isPartOf\":{\"@id\":\"https:\\\/\\\/dev.creditcounsellingcanada.ca\\\/fr\\\/#website\"},\"primaryImageOfPage\":{\"@id\":\"https:\\\/\\\/dev.creditcounsellingcanada.ca\\\/fr\\\/a-propos-de-nous\\\/#primaryimage\"},\"image\":{\"@id\":\"https:\\\/\\\/dev.creditcounsellingcanada.ca\\\/fr\\\/a-propos-de-nous\\\/#primaryimage\"},\"thumbnailUrl\":\"https:\\\/\\\/dev.creditcounsellingcanada.ca\\\/wp-content\\\/uploads\\\/2016\\\/12\\\/financial-literacy-education-final.jpg\",\"datePublished\":\"2016-12-21T17:44:39+00:00\",\"dateModified\":\"2018-07-10T20:02:55+00:00\",\"breadcrumb\":{\"@id\":\"https:\\\/\\\/dev.creditcounsellingcanada.ca\\\/fr\\\/a-propos-de-nous\\\/#breadcrumb\"},\"inLanguage\":\"fr-FR\",\"potentialAction\":[{\"@type\":\"ReadAction\",\"target\":[\"https:\\\/\\\/dev.creditcounsellingcanada.ca\\\/fr\\\/a-propos-de-nous\\\/\"]}]},{\"@type\":\"ImageObject\",\"inLanguage\":\"fr-FR\",\"@id\":\"https:\\\/\\\/dev.creditcounsellingcanada.ca\\\/fr\\\/a-propos-de-nous\\\/#primaryimage\",\"url\":\"https:\\\/\\\/dev.creditcounsellingcanada.ca\\\/wp-content\\\/uploads\\\/2016\\\/12\\\/financial-literacy-education-final.jpg\",\"contentUrl\":\"https:\\\/\\\/dev.creditcounsellingcanada.ca\\\/wp-content\\\/uploads\\\/2016\\\/12\\\/financial-literacy-education-final.jpg\"},{\"@type\":\"BreadcrumbList\",\"@id\":\"https:\\\/\\\/dev.creditcounsellingcanada.ca\\\/fr\\\/a-propos-de-nous\\\/#breadcrumb\",\"itemListElement\":[{\"@type\":\"ListItem\",\"position\":1,\"name\":\"Home\",\"item\":\"https:\\\/\\\/dev.creditcounsellingcanada.ca\\\/fr\\\/\"},{\"@type\":\"ListItem\",\"position\":2,\"name\":\"\u00c0 propos de nous\"}]},{\"@type\":\"WebSite\",\"@id\":\"https:\\\/\\\/dev.creditcounsellingcanada.ca\\\/fr\\\/#website\",\"url\":\"https:\\\/\\\/dev.creditcounsellingcanada.ca\\\/fr\\\/\",\"name\":\"Conseil en cr\u00e9dit du Canada, 2017\",\"description\":\"Canada\u2019s Specialists in Debt Consolidation Alternatives &amp; Credit Counselling\",\"potentialAction\":[{\"@type\":\"SearchAction\",\"target\":{\"@type\":\"EntryPoint\",\"urlTemplate\":\"https:\\\/\\\/dev.creditcounsellingcanada.ca\\\/fr\\\/?s={search_term_string}\"},\"query-input\":{\"@type\":\"PropertyValueSpecification\",\"valueRequired\":true,\"valueName\":\"search_term_string\"}}],\"inLanguage\":\"fr-FR\"}]}<\/script>\n<!-- \/ Yoast SEO plugin. -->","yoast_head_json":{"title":"\u00c0 propos de nous - Conseil en cr\u00e9dit du Canada, 2017","robots":{"index":"noindex","follow":"follow","max-snippet":"max-snippet:-1","max-image-preview":"max-image-preview:large","max-video-preview":"max-video-preview:-1"},"og_locale":"fr_FR","og_type":"article","og_title":"\u00c0 propos de nous - Conseil en cr\u00e9dit du Canada, 2017","og_description":"&nbsp; Les conseils en cr\u00e9dit ne se limitent pas aux chiffres \u2013 ils permettent \u00e9galement de soulager le stress, de mieux dormir, d\u2019apprendre comment g\u00e9rer les finances et d\u2019\u00eatre prot\u00e9g\u00e9 [&hellip;]","og_url":"https:\/\/dev.creditcounsellingcanada.ca\/fr\/a-propos-de-nous\/","og_site_name":"Conseil en cr\u00e9dit du Canada, 2017","article_modified_time":"2018-07-10T20:02:55+00:00","og_image":[{"url":"https:\/\/dev.creditcounsellingcanada.ca\/wp-content\/uploads\/2016\/12\/financial-literacy-education-final.jpg","type":"","width":"","height":""}],"twitter_card":"summary_large_image","twitter_misc":{"Dur\u00e9e de lecture estim\u00e9e":"4 minutes"},"schema":{"@context":"https:\/\/schema.org","@graph":[{"@type":"WebPage","@id":"https:\/\/dev.creditcounsellingcanada.ca\/fr\/a-propos-de-nous\/","url":"https:\/\/dev.creditcounsellingcanada.ca\/fr\/a-propos-de-nous\/","name":"\u00c0 propos de nous - Conseil en cr\u00e9dit du Canada, 2017","isPartOf":{"@id":"https:\/\/dev.creditcounsellingcanada.ca\/fr\/#website"},"primaryImageOfPage":{"@id":"https:\/\/dev.creditcounsellingcanada.ca\/fr\/a-propos-de-nous\/#primaryimage"},"image":{"@id":"https:\/\/dev.creditcounsellingcanada.ca\/fr\/a-propos-de-nous\/#primaryimage"},"thumbnailUrl":"https:\/\/dev.creditcounsellingcanada.ca\/wp-content\/uploads\/2016\/12\/financial-literacy-education-final.jpg","datePublished":"2016-12-21T17:44:39+00:00","dateModified":"2018-07-10T20:02:55+00:00","breadcrumb":{"@id":"https:\/\/dev.creditcounsellingcanada.ca\/fr\/a-propos-de-nous\/#breadcrumb"},"inLanguage":"fr-FR","potentialAction":[{"@type":"ReadAction","target":["https:\/\/dev.creditcounsellingcanada.ca\/fr\/a-propos-de-nous\/"]}]},{"@type":"ImageObject","inLanguage":"fr-FR","@id":"https:\/\/dev.creditcounsellingcanada.ca\/fr\/a-propos-de-nous\/#primaryimage","url":"https:\/\/dev.creditcounsellingcanada.ca\/wp-content\/uploads\/2016\/12\/financial-literacy-education-final.jpg","contentUrl":"https:\/\/dev.creditcounsellingcanada.ca\/wp-content\/uploads\/2016\/12\/financial-literacy-education-final.jpg"},{"@type":"BreadcrumbList","@id":"https:\/\/dev.creditcounsellingcanada.ca\/fr\/a-propos-de-nous\/#breadcrumb","itemListElement":[{"@type":"ListItem","position":1,"name":"Home","item":"https:\/\/dev.creditcounsellingcanada.ca\/fr\/"},{"@type":"ListItem","position":2,"name":"\u00c0 propos de nous"}]},{"@type":"WebSite","@id":"https:\/\/dev.creditcounsellingcanada.ca\/fr\/#website","url":"https:\/\/dev.creditcounsellingcanada.ca\/fr\/","name":"Conseil en cr\u00e9dit du Canada, 2017","description":"Canada\u2019s Specialists in Debt Consolidation Alternatives &amp; Credit Counselling","potentialAction":[{"@type":"SearchAction","target":{"@type":"EntryPoint","urlTemplate":"https:\/\/dev.creditcounsellingcanada.ca\/fr\/?s={search_term_string}"},"query-input":{"@type":"PropertyValueSpecification","valueRequired":true,"valueName":"search_term_string"}}],"inLanguage":"fr-FR"}]}},"_links":{"self":[{"href":"https:\/\/dev.creditcounsellingcanada.ca\/fr\/wp-json\/wp\/v2\/pages\/664","targetHints":{"allow":["GET"]}}],"collection":[{"href":"https:\/\/dev.creditcounsellingcanada.ca\/fr\/wp-json\/wp\/v2\/pages"}],"about":[{"href":"https:\/\/dev.creditcounsellingcanada.ca\/fr\/wp-json\/wp\/v2\/types\/page"}],"author":[{"embeddable":true,"href":"https:\/\/dev.creditcounsellingcanada.ca\/fr\/wp-json\/wp\/v2\/users\/1"}],"replies":[{"embeddable":true,"href":"https:\/\/dev.creditcounsellingcanada.ca\/fr\/wp-json\/wp\/v2\/comments?post=664"}],"version-history":[{"count":6,"href":"https:\/\/dev.creditcounsellingcanada.ca\/fr\/wp-json\/wp\/v2\/pages\/664\/revisions"}],"predecessor-version":[{"id":3453,"href":"https:\/\/dev.creditcounsellingcanada.ca\/fr\/wp-json\/wp\/v2\/pages\/664\/revisions\/3453"}],"wp:attachment":[{"href":"https:\/\/dev.creditcounsellingcanada.ca\/fr\/wp-json\/wp\/v2\/media?parent=664"}],"curies":[{"name":"wp","href":"https:\/\/api.w.org\/{rel}","templated":true}]}}