{"id":660,"date":"2016-12-21T12:23:40","date_gmt":"2016-12-21T17:23:40","guid":{"rendered":"http:\/\/creditcounsellingcanada.ca\/?page_id=660\/"},"modified":"2020-08-28T13:25:14","modified_gmt":"2020-08-28T17:25:14","slug":"vos-droits-et-responsabilites-financiers","status":"publish","type":"page","link":"https:\/\/dev.creditcounsellingcanada.ca\/fr\/vos-droits-et-responsabilites-financiers\/","title":{"rendered":"Vos droits et responsabilit\u00e9s"},"content":{"rendered":"<p>[et_pb_section bb_built=\u00a0\u00bb1&Prime; admin_label=\u00a0\u00bbsection\u00a0\u00bb transparent_background=\u00a0\u00bboff\u00a0\u00bb allow_player_pause=\u00a0\u00bboff\u00a0\u00bb inner_shadow=\u00a0\u00bboff\u00a0\u00bb parallax=\u00a0\u00bboff\u00a0\u00bb parallax_method=\u00a0\u00bboff\u00a0\u00bb custom_padding=\u00a0\u00bb0px|0px|0px|0px\u00a0\u00bb padding_mobile=\u00a0\u00bbon\u00a0\u00bb make_fullwidth=\u00a0\u00bboff\u00a0\u00bb use_custom_width=\u00a0\u00bboff\u00a0\u00bb width_unit=\u00a0\u00bbon\u00a0\u00bb make_equal=\u00a0\u00bboff\u00a0\u00bb use_custom_gutter=\u00a0\u00bboff\u00a0\u00bb background_image=\u00a0\u00bbhttps:\/\/dev.creditcounsellingcanada.ca\/wp-content\/uploads\/2016\/12\/Education_Hero.jpg\u00a0\u00bb module_class=\u00a0\u00bbpage-title-image\u00a0\u00bb custom_padding_tablet=\u00a0\u00bb0px|0px|0px|0px\u00a0\u00bb inner_width=\u00a0\u00bbauto\u00a0\u00bb inner_max_width=\u00a0\u00bb970px\u00a0\u00bb next_background_color=\u00a0\u00bb#ffffff\u00a0\u00bb][et_pb_row admin_label=\u00a0\u00bbrow\u00a0\u00bb make_fullwidth=\u00a0\u00bbon\u00a0\u00bb use_custom_width=\u00a0\u00bboff\u00a0\u00bb width_unit=\u00a0\u00bbon\u00a0\u00bb use_custom_gutter=\u00a0\u00bboff\u00a0\u00bb custom_padding=\u00a0\u00bb0px|0px|0px|0px\u00a0\u00bb padding_mobile=\u00a0\u00bbon\u00a0\u00bb allow_player_pause=\u00a0\u00bboff\u00a0\u00bb parallax=\u00a0\u00bboff\u00a0\u00bb parallax_method=\u00a0\u00bboff\u00a0\u00bb make_equal=\u00a0\u00bboff\u00a0\u00bb column_padding_mobile=\u00a0\u00bbon\u00a0\u00bb background_position=\u00a0\u00bbtop_left\u00a0\u00bb background_repeat=\u00a0\u00bbrepeat\u00a0\u00bb background_size=\u00a0\u00bbinitial\u00a0\u00bb module_class=\u00a0\u00bb et_pb_row_fullwidth\u00a0\u00bb width=\u00a0\u00bb89%\u00a0\u00bb width_tablet=\u00a0\u00bb80%\u00a0\u00bb width_last_edited=\u00a0\u00bbon|desktop\u00a0\u00bb max_width=\u00a0\u00bb89%\u00a0\u00bb max_width_tablet=\u00a0\u00bb80%\u00a0\u00bb max_width_last_edited=\u00a0\u00bbon|desktop\u00a0\u00bb][et_pb_column type=\u00a0\u00bb4_4&Prime; custom_padding__hover=\u00a0\u00bb|||\u00a0\u00bb custom_padding=\u00a0\u00bb|||\u00a0\u00bb parallax_method=\u00a0\u00bboff\u00a0\u00bb][et_pb_text admin_label=\u00a0\u00bbEducation Image Page Title\u00a0\u00bb background_layout=\u00a0\u00bblight\u00a0\u00bb text_orientation=\u00a0\u00bbleft\u00a0\u00bb use_border_color=\u00a0\u00bboff\u00a0\u00bb border_color=\u00a0\u00bb#ffffff\u00a0\u00bb border_style=\u00a0\u00bbsolid\u00a0\u00bb background_position=\u00a0\u00bbtop_left\u00a0\u00bb background_repeat=\u00a0\u00bbrepeat\u00a0\u00bb background_size=\u00a0\u00bbinitial\u00a0\u00bb]<\/p>\n<h2>\u00c9DUCATION<\/h2>\n<p>[\/et_pb_text][\/et_pb_column][\/et_pb_row][\/et_pb_section][et_pb_section bb_built=\u00a0\u00bb1&Prime; admin_label=\u00a0\u00bbsection\u00a0\u00bb transparent_background=\u00a0\u00bboff\u00a0\u00bb allow_player_pause=\u00a0\u00bboff\u00a0\u00bb inner_shadow=\u00a0\u00bboff\u00a0\u00bb parallax=\u00a0\u00bboff\u00a0\u00bb parallax_method=\u00a0\u00bboff\u00a0\u00bb padding_mobile=\u00a0\u00bbon\u00a0\u00bb make_fullwidth=\u00a0\u00bboff\u00a0\u00bb use_custom_width=\u00a0\u00bboff\u00a0\u00bb width_unit=\u00a0\u00bbon\u00a0\u00bb make_equal=\u00a0\u00bboff\u00a0\u00bb use_custom_gutter=\u00a0\u00bboff\u00a0\u00bb module_class=\u00a0\u00bbcustom-sidebar-page\u00a0\u00bb custom_padding=\u00a0\u00bb9px||9px|\u00a0\u00bb custom_padding_tablet=\u00a0\u00bb9px||9px|\u00a0\u00bb inner_width=\u00a0\u00bbauto\u00a0\u00bb inner_max_width=\u00a0\u00bb970px\u00a0\u00bb prev_background_color=\u00a0\u00bb#ffffff\u00a0\u00bb next_background_color=\u00a0\u00bb#000000&Prime;][et_pb_row admin_label=\u00a0\u00bbrow\u00a0\u00bb background_position=\u00a0\u00bbtop_left\u00a0\u00bb background_repeat=\u00a0\u00bbrepeat\u00a0\u00bb background_size=\u00a0\u00bbinitial\u00a0\u00bb width=\u00a0\u00bb80%\u00a0\u00bb max_width=\u00a0\u00bb970px\u00a0\u00bb][et_pb_column type=\u00a0\u00bb4_4&Prime; custom_padding__hover=\u00a0\u00bb|||\u00a0\u00bb custom_padding=\u00a0\u00bb|||\u00a0\u00bb parallax_method=\u00a0\u00bboff\u00a0\u00bb][et_pb_text use_border_color=\u00a0\u00bboff\u00a0\u00bb background_position=\u00a0\u00bbtop_left\u00a0\u00bb background_repeat=\u00a0\u00bbrepeat\u00a0\u00bb background_size=\u00a0\u00bbinitial\u00a0\u00bb _builder_version=\u00a0\u00bb3.27.4&Prime; text_text_shadow_horizontal_length=\u00a0\u00bbtext_text_shadow_style,%91object Object%93&Prime; text_text_shadow_horizontal_length_tablet=\u00a0\u00bb0px\u00a0\u00bb text_text_shadow_vertical_length=\u00a0\u00bbtext_text_shadow_style,%91object Object%93&Prime; text_text_shadow_vertical_length_tablet=\u00a0\u00bb0px\u00a0\u00bb text_text_shadow_blur_strength=\u00a0\u00bbtext_text_shadow_style,%91object Object%93&Prime; text_text_shadow_blur_strength_tablet=\u00a0\u00bb1px\u00a0\u00bb link_text_shadow_horizontal_length=\u00a0\u00bblink_text_shadow_style,%91object Object%93&Prime; link_text_shadow_horizontal_length_tablet=\u00a0\u00bb0px\u00a0\u00bb link_text_shadow_vertical_length=\u00a0\u00bblink_text_shadow_style,%91object Object%93&Prime; link_text_shadow_vertical_length_tablet=\u00a0\u00bb0px\u00a0\u00bb link_text_shadow_blur_strength=\u00a0\u00bblink_text_shadow_style,%91object Object%93&Prime; link_text_shadow_blur_strength_tablet=\u00a0\u00bb1px\u00a0\u00bb ul_text_shadow_horizontal_length=\u00a0\u00bbul_text_shadow_style,%91object Object%93&Prime; ul_text_shadow_horizontal_length_tablet=\u00a0\u00bb0px\u00a0\u00bb ul_text_shadow_vertical_length=\u00a0\u00bbul_text_shadow_style,%91object Object%93&Prime; ul_text_shadow_vertical_length_tablet=\u00a0\u00bb0px\u00a0\u00bb ul_text_shadow_blur_strength=\u00a0\u00bbul_text_shadow_style,%91object Object%93&Prime; ul_text_shadow_blur_strength_tablet=\u00a0\u00bb1px\u00a0\u00bb ol_text_shadow_horizontal_length=\u00a0\u00bbol_text_shadow_style,%91object Object%93&Prime; ol_text_shadow_horizontal_length_tablet=\u00a0\u00bb0px\u00a0\u00bb ol_text_shadow_vertical_length=\u00a0\u00bbol_text_shadow_style,%91object Object%93&Prime; ol_text_shadow_vertical_length_tablet=\u00a0\u00bb0px\u00a0\u00bb ol_text_shadow_blur_strength=\u00a0\u00bbol_text_shadow_style,%91object Object%93&Prime; ol_text_shadow_blur_strength_tablet=\u00a0\u00bb1px\u00a0\u00bb quote_text_shadow_horizontal_length=\u00a0\u00bbquote_text_shadow_style,%91object Object%93&Prime; quote_text_shadow_horizontal_length_tablet=\u00a0\u00bb0px\u00a0\u00bb quote_text_shadow_vertical_length=\u00a0\u00bbquote_text_shadow_style,%91object Object%93&Prime; quote_text_shadow_vertical_length_tablet=\u00a0\u00bb0px\u00a0\u00bb quote_text_shadow_blur_strength=\u00a0\u00bbquote_text_shadow_style,%91object Object%93&Prime; quote_text_shadow_blur_strength_tablet=\u00a0\u00bb1px\u00a0\u00bb header_text_shadow_horizontal_length=\u00a0\u00bbheader_text_shadow_style,%91object Object%93&Prime; header_text_shadow_horizontal_length_tablet=\u00a0\u00bb0px\u00a0\u00bb header_text_shadow_vertical_length=\u00a0\u00bbheader_text_shadow_style,%91object Object%93&Prime; header_text_shadow_vertical_length_tablet=\u00a0\u00bb0px\u00a0\u00bb header_text_shadow_blur_strength=\u00a0\u00bbheader_text_shadow_style,%91object Object%93&Prime; header_text_shadow_blur_strength_tablet=\u00a0\u00bb1px\u00a0\u00bb header_2_text_shadow_horizontal_length=\u00a0\u00bbheader_2_text_shadow_style,%91object Object%93&Prime; header_2_text_shadow_horizontal_length_tablet=\u00a0\u00bb0px\u00a0\u00bb header_2_text_shadow_vertical_length=\u00a0\u00bbheader_2_text_shadow_style,%91object Object%93&Prime; header_2_text_shadow_vertical_length_tablet=\u00a0\u00bb0px\u00a0\u00bb header_2_text_shadow_blur_strength=\u00a0\u00bbheader_2_text_shadow_style,%91object Object%93&Prime; header_2_text_shadow_blur_strength_tablet=\u00a0\u00bb1px\u00a0\u00bb header_3_text_shadow_horizontal_length=\u00a0\u00bbheader_3_text_shadow_style,%91object Object%93&Prime; header_3_text_shadow_horizontal_length_tablet=\u00a0\u00bb0px\u00a0\u00bb header_3_text_shadow_vertical_length=\u00a0\u00bbheader_3_text_shadow_style,%91object Object%93&Prime; header_3_text_shadow_vertical_length_tablet=\u00a0\u00bb0px\u00a0\u00bb header_3_text_shadow_blur_strength=\u00a0\u00bbheader_3_text_shadow_style,%91object Object%93&Prime; header_3_text_shadow_blur_strength_tablet=\u00a0\u00bb1px\u00a0\u00bb header_4_text_shadow_horizontal_length=\u00a0\u00bbheader_4_text_shadow_style,%91object Object%93&Prime; header_4_text_shadow_horizontal_length_tablet=\u00a0\u00bb0px\u00a0\u00bb header_4_text_shadow_vertical_length=\u00a0\u00bbheader_4_text_shadow_style,%91object Object%93&Prime; header_4_text_shadow_vertical_length_tablet=\u00a0\u00bb0px\u00a0\u00bb header_4_text_shadow_blur_strength=\u00a0\u00bbheader_4_text_shadow_style,%91object Object%93&Prime; header_4_text_shadow_blur_strength_tablet=\u00a0\u00bb1px\u00a0\u00bb header_5_text_shadow_horizontal_length=\u00a0\u00bbheader_5_text_shadow_style,%91object Object%93&Prime; header_5_text_shadow_horizontal_length_tablet=\u00a0\u00bb0px\u00a0\u00bb header_5_text_shadow_vertical_length=\u00a0\u00bbheader_5_text_shadow_style,%91object Object%93&Prime; header_5_text_shadow_vertical_length_tablet=\u00a0\u00bb0px\u00a0\u00bb header_5_text_shadow_blur_strength=\u00a0\u00bbheader_5_text_shadow_style,%91object Object%93&Prime; header_5_text_shadow_blur_strength_tablet=\u00a0\u00bb1px\u00a0\u00bb header_6_text_shadow_horizontal_length=\u00a0\u00bbheader_6_text_shadow_style,%91object Object%93&Prime; header_6_text_shadow_horizontal_length_tablet=\u00a0\u00bb0px\u00a0\u00bb header_6_text_shadow_vertical_length=\u00a0\u00bbheader_6_text_shadow_style,%91object Object%93&Prime; header_6_text_shadow_vertical_length_tablet=\u00a0\u00bb0px\u00a0\u00bb header_6_text_shadow_blur_strength=\u00a0\u00bbheader_6_text_shadow_style,%91object Object%93&Prime; header_6_text_shadow_blur_strength_tablet=\u00a0\u00bb1px\u00a0\u00bb box_shadow_horizontal_tablet=\u00a0\u00bb0px\u00a0\u00bb box_shadow_vertical_tablet=\u00a0\u00bb0px\u00a0\u00bb box_shadow_blur_tablet=\u00a0\u00bb40px\u00a0\u00bb box_shadow_spread_tablet=\u00a0\u00bb0px\u00a0\u00bb z_index_tablet=\u00a0\u00bb500&Prime;]<\/p>\n<h1 class=\"h2-redstroke\">VOS DROITS ET RESPONSABILIT\u00c9S<\/h1>\n<p>Au Canada, bon nombre de vos droits \u00e0 titre de consommateur sont garantis par des lois sur la protection du consommateur qui couvrent m\u00eame la plus banale des transactions.<\/p>\n<h3>Quelle que soit l\u2019importance de vos dettes \u2013 vous avez des droits<\/h3>\n<p>Vous avez droit \u00e0 un traitement juste et raisonnable. Les lois provinciales garantissent ce droit, en d\u00e9crivant les pratiques strictes et respectueuses de recouvrement des cr\u00e9ances et de communication auxquelles les agences de recouvrement doivent se conformer.<\/p>\n<p>Les cr\u00e9anciers et les agents de recouvrement ne peuvent pas divulguer vos renseignements personnels sans votre consentement. Ils sont tenus par la loi de prot\u00e9ger votre droit \u00e0 la vie priv\u00e9e.<\/p>\n<p>Vous avez le droit de demander une preuve qui confirme que vous avez l\u00e9galement une dette. En cas de dispute, vous avez le droit d\u2019exiger un relev\u00e9 comme preuve de toute somme due.<\/p>\n<h3>Vous avez \u00e9galement des responsabilit\u00e9s<\/h3>\n<p>Demeurez bien inform\u00e9 au sujet des pratiques justes de recouvrement de dette et prenez les d\u00e9marches n\u00e9cessaires pour vivre selon vos moyens et g\u00e9rer vos dettes.<\/p>\n<p>Soyez honn\u00eate aupr\u00e8s des agents de recouvrement et prenez le temps et l\u2019occasion d\u2019expliquer votre situation. Les cr\u00e9anciers voudront plus vraisemblablement travailler avec vous si vous \u00eates honn\u00eate et transparent.<\/p>\n<p>Traitez avec les cr\u00e9anciers et les agents de recouvrement d\u2019une fa\u00e7on respectueuse et ouverte. Ne prenez <em>jamais<\/em> des engagements que vous ne pourrez pas respecter.<\/p>\n<p>Si vos probl\u00e8mes financiers sont devenus trop importants pour les affronter vous-m\u00eame, un conseiller en mati\u00e8re de cr\u00e9dit se fera un plaisir d\u2019analyser votre situation, discuter de vos options, et de vous aider \u00e0 prendre les d\u00e9marches dans le but de mettre fin aux appels des agents de recouvrement de fonds. Il existe une solution \u00e0 votre situation. N\u2019abandonnez pas!<\/p>\n<p>&nbsp;<\/p>\n<p>[\/et_pb_text][\/et_pb_column][\/et_pb_row][\/et_pb_section]<\/p>\n","protected":false},"excerpt":{"rendered":"<p>\u00c9DUCATION VOS DROITS ET RESPONSABILIT\u00c9S Au Canada, bon nombre de vos droits \u00e0 titre de consommateur sont garantis par des lois sur la protection du consommateur qui couvrent m\u00eame la [&hellip;]<\/p>\n","protected":false},"author":1,"featured_media":0,"parent":0,"menu_order":0,"comment_status":"closed","ping_status":"closed","template":"","meta":{"_et_pb_use_builder":"on","_et_pb_old_content":"In Canada, many of your rights as a consumer are set out by\u00a0consumer protection legislation\u00a0that covers the most common consumer transactions.\r\n<h3>No Matter What You Owe - You Have Rights<\/h3>\r\nYou have the right to be treated in a fair and reasonable manner. Provincial legislation guarantees this right, outlining strict and respectful debt collection and communication practices that creditors and debt collection agencies must follow.\r\nCreditors and debt collectors cannot disclose confidential information about you without your consent. They have a legal responsibility to protect your privacy.\r\n\r\nYou have the right to request proof that confirms a debt is legally owed. In the case of a dispute, you're within your rights to request a statement to provide proof of any outstanding balance.\r\n<h3>You Also Have Responsibilities<\/h3>\r\nKeep yourself well informed about fair collection practices and take the necessary steps to live within your means and manage debt.\r\n\r\nBe upfront with collectors and take the time and opportunity to explain your situation. Creditors are much more likely to work with you when you are open and honest.\r\n\r\nDeal with creditors and debt collectors in a respectful and forthright manner. Never make commitments you know you cannot keep.\r\n\r\nIf your money problems have become too big to deal with on your own, a certified credit counsellor will be happy to analyze your situation, discuss your options, and help you take steps to stop the debt collection calls. There is an answer to your debt situation. Do not give up!\r\n\r\n<a href=\"https:\/\/dev.creditcounsellingcanada.ca\/index.php?page=find-a-counsellor-near-you\" target=\"_blank\">Find a Counsellor<\/a>","_et_gb_content_width":"","_monsterinsights_skip_tracking":false,"_monsterinsights_sitenote_active":false,"_monsterinsights_sitenote_note":"","_monsterinsights_sitenote_category":0,"footnotes":""},"class_list":["post-660","page","type-page","status-publish","hentry"],"yoast_head":"<!-- This site is optimized with the Yoast SEO plugin v27.5 - https:\/\/yoast.com\/product\/yoast-seo-wordpress\/ -->\n<title>Vos droits financiers- Conseil en cr\u00e9dit du canada<\/title>\n<meta name=\"description\" content=\"Vos droits \u00e0 titre de consommateur sont garantis par des lois sur la protection du consommateur.\" \/>\n<meta name=\"robots\" content=\"noindex, follow, max-snippet:-1, max-image-preview:large, max-video-preview:-1\" \/>\n<meta property=\"og:locale\" content=\"fr_FR\" \/>\n<meta property=\"og:type\" content=\"article\" \/>\n<meta property=\"og:title\" content=\"Vos droits financiers- Conseil en cr\u00e9dit du canada\" \/>\n<meta property=\"og:description\" content=\"Vos droits \u00e0 titre de consommateur sont garantis par des lois sur la protection du consommateur.\" \/>\n<meta property=\"og:url\" content=\"https:\/\/dev.creditcounsellingcanada.ca\/fr\/vos-droits-et-responsabilites-financiers\/\" \/>\n<meta property=\"og:site_name\" content=\"Conseil en cr\u00e9dit du Canada, 2017\" \/>\n<meta property=\"article:modified_time\" content=\"2020-08-28T17:25:14+00:00\" \/>\n<meta name=\"twitter:card\" content=\"summary_large_image\" \/>\n<meta name=\"twitter:label1\" content=\"Dur\u00e9e de lecture estim\u00e9e\" \/>\n\t<meta name=\"twitter:data1\" content=\"6 minutes\" \/>\n<script type=\"application\/ld+json\" class=\"yoast-schema-graph\">{\"@context\":\"https:\\\/\\\/schema.org\",\"@graph\":[{\"@type\":\"WebPage\",\"@id\":\"https:\\\/\\\/dev.creditcounsellingcanada.ca\\\/fr\\\/vos-droits-et-responsabilites-financiers\\\/\",\"url\":\"https:\\\/\\\/dev.creditcounsellingcanada.ca\\\/fr\\\/vos-droits-et-responsabilites-financiers\\\/\",\"name\":\"Vos droits financiers- Conseil en cr\u00e9dit du canada\",\"isPartOf\":{\"@id\":\"https:\\\/\\\/dev.creditcounsellingcanada.ca\\\/fr\\\/#website\"},\"datePublished\":\"2016-12-21T17:23:40+00:00\",\"dateModified\":\"2020-08-28T17:25:14+00:00\",\"description\":\"Vos droits \u00e0 titre de consommateur sont garantis par des lois sur la protection du consommateur.\",\"breadcrumb\":{\"@id\":\"https:\\\/\\\/dev.creditcounsellingcanada.ca\\\/fr\\\/vos-droits-et-responsabilites-financiers\\\/#breadcrumb\"},\"inLanguage\":\"fr-FR\",\"potentialAction\":[{\"@type\":\"ReadAction\",\"target\":[\"https:\\\/\\\/dev.creditcounsellingcanada.ca\\\/fr\\\/vos-droits-et-responsabilites-financiers\\\/\"]}]},{\"@type\":\"BreadcrumbList\",\"@id\":\"https:\\\/\\\/dev.creditcounsellingcanada.ca\\\/fr\\\/vos-droits-et-responsabilites-financiers\\\/#breadcrumb\",\"itemListElement\":[{\"@type\":\"ListItem\",\"position\":1,\"name\":\"Home\",\"item\":\"https:\\\/\\\/dev.creditcounsellingcanada.ca\\\/fr\\\/\"},{\"@type\":\"ListItem\",\"position\":2,\"name\":\"Vos droits et responsabilit\u00e9s\"}]},{\"@type\":\"WebSite\",\"@id\":\"https:\\\/\\\/dev.creditcounsellingcanada.ca\\\/fr\\\/#website\",\"url\":\"https:\\\/\\\/dev.creditcounsellingcanada.ca\\\/fr\\\/\",\"name\":\"Conseil en cr\u00e9dit du Canada, 2017\",\"description\":\"Canada\u2019s Specialists in Debt Consolidation Alternatives &amp; Credit Counselling\",\"potentialAction\":[{\"@type\":\"SearchAction\",\"target\":{\"@type\":\"EntryPoint\",\"urlTemplate\":\"https:\\\/\\\/dev.creditcounsellingcanada.ca\\\/fr\\\/?s={search_term_string}\"},\"query-input\":{\"@type\":\"PropertyValueSpecification\",\"valueRequired\":true,\"valueName\":\"search_term_string\"}}],\"inLanguage\":\"fr-FR\"}]}<\/script>\n<!-- \/ Yoast SEO plugin. -->","yoast_head_json":{"title":"Vos droits financiers- Conseil en cr\u00e9dit du canada","description":"Vos droits \u00e0 titre de consommateur sont garantis par des lois sur la protection du consommateur.","robots":{"index":"noindex","follow":"follow","max-snippet":"max-snippet:-1","max-image-preview":"max-image-preview:large","max-video-preview":"max-video-preview:-1"},"og_locale":"fr_FR","og_type":"article","og_title":"Vos droits financiers- Conseil en cr\u00e9dit du canada","og_description":"Vos droits \u00e0 titre de consommateur sont garantis par des lois sur la protection du consommateur.","og_url":"https:\/\/dev.creditcounsellingcanada.ca\/fr\/vos-droits-et-responsabilites-financiers\/","og_site_name":"Conseil en cr\u00e9dit du Canada, 2017","article_modified_time":"2020-08-28T17:25:14+00:00","twitter_card":"summary_large_image","twitter_misc":{"Dur\u00e9e de lecture estim\u00e9e":"6 minutes"},"schema":{"@context":"https:\/\/schema.org","@graph":[{"@type":"WebPage","@id":"https:\/\/dev.creditcounsellingcanada.ca\/fr\/vos-droits-et-responsabilites-financiers\/","url":"https:\/\/dev.creditcounsellingcanada.ca\/fr\/vos-droits-et-responsabilites-financiers\/","name":"Vos droits financiers- Conseil en cr\u00e9dit du canada","isPartOf":{"@id":"https:\/\/dev.creditcounsellingcanada.ca\/fr\/#website"},"datePublished":"2016-12-21T17:23:40+00:00","dateModified":"2020-08-28T17:25:14+00:00","description":"Vos droits \u00e0 titre de consommateur sont garantis par des lois sur la protection du consommateur.","breadcrumb":{"@id":"https:\/\/dev.creditcounsellingcanada.ca\/fr\/vos-droits-et-responsabilites-financiers\/#breadcrumb"},"inLanguage":"fr-FR","potentialAction":[{"@type":"ReadAction","target":["https:\/\/dev.creditcounsellingcanada.ca\/fr\/vos-droits-et-responsabilites-financiers\/"]}]},{"@type":"BreadcrumbList","@id":"https:\/\/dev.creditcounsellingcanada.ca\/fr\/vos-droits-et-responsabilites-financiers\/#breadcrumb","itemListElement":[{"@type":"ListItem","position":1,"name":"Home","item":"https:\/\/dev.creditcounsellingcanada.ca\/fr\/"},{"@type":"ListItem","position":2,"name":"Vos droits et responsabilit\u00e9s"}]},{"@type":"WebSite","@id":"https:\/\/dev.creditcounsellingcanada.ca\/fr\/#website","url":"https:\/\/dev.creditcounsellingcanada.ca\/fr\/","name":"Conseil en cr\u00e9dit du Canada, 2017","description":"Canada\u2019s Specialists in Debt Consolidation Alternatives &amp; Credit Counselling","potentialAction":[{"@type":"SearchAction","target":{"@type":"EntryPoint","urlTemplate":"https:\/\/dev.creditcounsellingcanada.ca\/fr\/?s={search_term_string}"},"query-input":{"@type":"PropertyValueSpecification","valueRequired":true,"valueName":"search_term_string"}}],"inLanguage":"fr-FR"}]}},"_links":{"self":[{"href":"https:\/\/dev.creditcounsellingcanada.ca\/fr\/wp-json\/wp\/v2\/pages\/660","targetHints":{"allow":["GET"]}}],"collection":[{"href":"https:\/\/dev.creditcounsellingcanada.ca\/fr\/wp-json\/wp\/v2\/pages"}],"about":[{"href":"https:\/\/dev.creditcounsellingcanada.ca\/fr\/wp-json\/wp\/v2\/types\/page"}],"author":[{"embeddable":true,"href":"https:\/\/dev.creditcounsellingcanada.ca\/fr\/wp-json\/wp\/v2\/users\/1"}],"replies":[{"embeddable":true,"href":"https:\/\/dev.creditcounsellingcanada.ca\/fr\/wp-json\/wp\/v2\/comments?post=660"}],"version-history":[{"count":6,"href":"https:\/\/dev.creditcounsellingcanada.ca\/fr\/wp-json\/wp\/v2\/pages\/660\/revisions"}],"predecessor-version":[{"id":7961,"href":"https:\/\/dev.creditcounsellingcanada.ca\/fr\/wp-json\/wp\/v2\/pages\/660\/revisions\/7961"}],"wp:attachment":[{"href":"https:\/\/dev.creditcounsellingcanada.ca\/fr\/wp-json\/wp\/v2\/media?parent=660"}],"curies":[{"name":"wp","href":"https:\/\/api.w.org\/{rel}","templated":true}]}}