{"id":1148,"date":"2017-01-08T17:00:58","date_gmt":"2017-01-08T22:00:58","guid":{"rendered":"http:\/\/creditcounsellingcanada.ca\/?page_id=1148\/"},"modified":"2017-03-13T15:11:02","modified_gmt":"2017-03-13T19:11:02","slug":"contactez-nous","status":"publish","type":"page","link":"https:\/\/dev.creditcounsellingcanada.ca\/fr\/contactez-nous\/","title":{"rendered":"Contactez-nous"},"content":{"rendered":"<p>[et_pb_section admin_label=\u00a0\u00bbSection\u00a0\u00bb fullwidth=\u00a0\u00bboff\u00a0\u00bb specialty=\u00a0\u00bboff\u00a0\u00bb][et_pb_row admin_label=\u00a0\u00bbRow\u00a0\u00bb][et_pb_column type=\u00a0\u00bb4_4&Prime;][et_pb_text admin_label=\u00a0\u00bbText\u00a0\u00bb background_layout=\u00a0\u00bblight\u00a0\u00bb text_orientation=\u00a0\u00bbleft\u00a0\u00bb use_border_color=\u00a0\u00bboff\u00a0\u00bb border_color=\u00a0\u00bb#ffffff\u00a0\u00bb border_style=\u00a0\u00bbsolid\u00a0\u00bb]<\/p>\n<p>Composez le <a href=\"tel:1-8663985999\">1-866-398-5999<\/a>\u00a0pour fixer un rendez-vous avec un conseiller financier agr\u00e9\u00e9 ou <a href=\"https:\/\/dev.creditcounsellingcanada.ca\/fr\/trouver-un-conseiller\/\">trouvez un conseiller<\/a> en utilisant la carte.<\/p>\n<p>[\/et_pb_text][\/et_pb_column][\/et_pb_row][et_pb_row admin_label=\u00a0\u00bbRow\u00a0\u00bb][et_pb_column type=\u00a0\u00bb1_2&Prime;][et_pb_text admin_label=\u00a0\u00bbText\u00a0\u00bb background_layout=\u00a0\u00bblight\u00a0\u00bb text_orientation=\u00a0\u00bbleft\u00a0\u00bb use_border_color=\u00a0\u00bboff\u00a0\u00bb border_color=\u00a0\u00bb#ffffff\u00a0\u00bb border_style=\u00a0\u00bbsolid\u00a0\u00bb]<\/p>\n<p>Conseil en cr\u00e9dit du Canada<br \/>\n1600 &#8211; 401, rue Bay<br \/>\nToronto ON M5H 2Y4<\/p>\n<p>[\/et_pb_text][\/et_pb_column][et_pb_column type=\u00a0\u00bb1_2&Prime;][et_pb_text admin_label=\u00a0\u00bbText\u00a0\u00bb background_layout=\u00a0\u00bblight\u00a0\u00bb text_orientation=\u00a0\u00bbleft\u00a0\u00bb use_border_color=\u00a0\u00bboff\u00a0\u00bb border_color=\u00a0\u00bb#ffffff\u00a0\u00bb border_style=\u00a0\u00bbsolid\u00a0\u00bb]<\/p>\n<p>Pour toute demande des m\u00e9dias, veuillez envoyer un courriel \u00e0 l\u2019adresse: <a href=\"mailto:info@creditcounsellingcanada.ca\">info@creditcounsellingcanada.ca<\/a><\/p>\n<p>[\/et_pb_text][\/et_pb_column][\/et_pb_row][et_pb_row admin_label=\u00a0\u00bbRow\u00a0\u00bb][et_pb_column type=\u00a0\u00bb4_4&Prime;][et_pb_text admin_label=\u00a0\u00bbText\u00a0\u00bb background_layout=\u00a0\u00bblight\u00a0\u00bb text_orientation=\u00a0\u00bbleft\u00a0\u00bb use_border_color=\u00a0\u00bboff\u00a0\u00bb border_color=\u00a0\u00bb#ffffff\u00a0\u00bb border_style=\u00a0\u00bbsolid\u00a0\u00bb]<\/p>\n<p><strong>Sans Frais:<\/strong> <a href=\"tel:18663985999\">1-866-398-5999<\/a><\/p>\n<p>[\/et_pb_text][\/et_pb_column][\/et_pb_row][et_pb_row admin_label=\u00a0\u00bbRow\u00a0\u00bb][et_pb_column type=\u00a0\u00bb4_4&Prime;][et_pb_text admin_label=\u00a0\u00bbText\u00a0\u00bb background_layout=\u00a0\u00bblight\u00a0\u00bb text_orientation=\u00a0\u00bbleft\u00a0\u00bb use_border_color=\u00a0\u00bboff\u00a0\u00bb border_color=\u00a0\u00bb#ffffff\u00a0\u00bb border_style=\u00a0\u00bbsolid\u00a0\u00bb]<\/p>\n<h4 id=\"tw-target-text\" class=\"tw-data-text tw-ta tw-text-small\" dir=\"ltr\" data-placeholder=\"Translation\"><span lang=\"fr\">Contactez-nous directement en remplissant le formulaire ci-dessous.<\/span><\/h4>\n<p><div class=\"frm_forms  with_frm_style frm_style_formidable-style\" id=\"frm_form_7_container\" >\n<form enctype=\"multipart\/form-data\" method=\"post\" class=\"frm-show-form  frm_pro_form \" id=\"form_contact2\" >\n<div class=\"frm_form_fields \">\n<fieldset>\n<legend class=\"frm_hidden\">Contactez-nous<\/legend>\r\n\r\n<div class=\"frm_fields_container\">\n<input type=\"hidden\" name=\"frm_action\" value=\"create\" \/>\n<input type=\"hidden\" name=\"form_id\" value=\"7\" \/>\n<input type=\"hidden\" name=\"frm_hide_fields_7\" id=\"frm_hide_fields_7\" value=\"\" \/>\n<input type=\"hidden\" name=\"form_key\" value=\"contact2\" \/>\n<input type=\"hidden\" name=\"item_meta[0]\" value=\"\" \/>\n<input type=\"hidden\" id=\"frm_submit_entry_7\" name=\"frm_submit_entry_7\" value=\"dd0590e5ed\" \/><input type=\"hidden\" name=\"_wp_http_referer\" value=\"\/fr\/wp-json\/wp\/v2\/pages\/1148\" \/><div id=\"frm_field_86_container\" class=\"frm_form_field form-field  frm_required_field frm_top_container frm_first frm_half\">\r\n    <label for=\"field_qh4icy2\" class=\"frm_primary_label\">Nom\r\n        <span class=\"frm_required\">*<\/span>\r\n    <\/label>\r\n    <input  type=\"text\" id=\"field_qh4icy2\" name=\"item_meta[86]\" value=\"\"  maxlength=\"20\" data-reqmsg=\"Cette zone ne droit pas \u00eatre en blanc.\" aria-required=\"true\" data-invmsg=\"Name is invalid\" aria-invalid=\"false\"   aria-describedby=\"frm_desc_field_qh4icy2\" \/>\r\n    <div id=\"frm_desc_field_qh4icy2\" class=\"frm_description\">Pr\u00e9nom<\/div>\r\n    \r\n<\/div>\n<div id=\"frm_field_87_container\" class=\"frm_form_field form-field  frm_required_field frm_hidden_container frm_half\">\r\n    <label for=\"field_ocfup12\" class=\"frm_primary_label\">Nom\r\n        <span class=\"frm_required\">*<\/span>\r\n    <\/label>\r\n    <input  type=\"text\" id=\"field_ocfup12\" name=\"item_meta[87]\" value=\"\"  maxlength=\"30\" data-reqmsg=\"Cette zone ne droit pas \u00eatre en blanc.\" aria-required=\"true\" data-invmsg=\"Last is invalid\" aria-invalid=\"false\"   aria-describedby=\"frm_desc_field_ocfup12\" \/>\r\n    <div id=\"frm_desc_field_ocfup12\" class=\"frm_description\">Nom<\/div>\r\n    \r\n<\/div>\n<div id=\"frm_field_385_container\" class=\"frm_form_field form-field  frm_top_container\">\r\n    <label for=\"field_1nk28\" id=\"field_1nk28_label\" class=\"frm_primary_label\">Gender\r\n        <span class=\"frm_required\"><\/span>\r\n    <\/label>\r\n    \t\t<select name=\"item_meta[385]\" id=\"field_1nk28\"  data-invmsg=\"Gender est non valide\" aria-invalid=\"false\"  >\n\t\t<option  value=\"\" selected='selected'> <\/option><option  value=\"Male\">Male<\/option><option  value=\"Female\">Female<\/option><option  value=\"Other\">Other<\/option>\t<\/select>\n\t\r\n    \r\n    \r\n<\/div>\n<div id=\"frm_field_386_container\" class=\"frm_form_field form-field  frm_top_container\">\r\n    <label for=\"field_x19ex\" id=\"field_x19ex_label\" class=\"frm_primary_label\">Age Group\r\n        <span class=\"frm_required\"><\/span>\r\n    <\/label>\r\n    \t\t<select name=\"item_meta[386]\" id=\"field_x19ex\"  data-invmsg=\"Age Group est non valide\" aria-invalid=\"false\"  >\n\t\t<option  value=\"\" selected='selected'> <\/option><option  value=\"25 years or below\">25 years or below<\/option><option  value=\"26 to 39 years\">26 to 39 years<\/option><option  value=\"40 to 59 years\">40 to 59 years<\/option><option  value=\"60 years or above\">60 years or above<\/option>\t<\/select>\n\t\r\n    \r\n    \r\n<\/div>\n<div id=\"frm_field_88_container\" class=\"frm_form_field form-field  frm_required_field frm_top_container frm_full\">\r\n    <label for=\"field_29yf4d2\" class=\"frm_primary_label\">Courriel\r\n        <span class=\"frm_required\">*<\/span>\r\n    <\/label>\r\n    <input type=\"email\" id=\"field_29yf4d2\" name=\"item_meta[88]\" value=\"\"  data-reqmsg=\"Cette zone ne droit pas \u00eatre en blanc.\" aria-required=\"true\" data-invmsg=\"Indiquez une adresse de courriel valide.\" aria-invalid=\"false\"  \/>\r\n    \r\n    \r\n<\/div>\n<div id=\"frm_field_323_container\" class=\"frm_form_field form-field  frm_top_container\">\r\n    <label for=\"field_tzwi6\" id=\"field_tzwi6_label\" class=\"frm_primary_label\">Phone (Providing your preferred phone number will help us reach you as quickly as possible.)\r\n        <span class=\"frm_required\"><\/span>\r\n    <\/label>\r\n    <input type=\"tel\" id=\"field_tzwi6\" name=\"item_meta[323]\" value=\"\"  data-frmmask=\"(000)-000-0000\" data-invmsg=\"Phone is invalid\" aria-invalid=\"false\" pattern=\"\\(\\d\\d\\d\\)-\\d\\d\\d-\\d\\d\\d\\d$\"  \/>\r\n    \r\n    \r\n<\/div>\n<div id=\"frm_field_324_container\" class=\"frm_form_field form-field  frm_top_container\">\r\n    <label for=\"field_kftj0\" id=\"field_kftj0_label\" class=\"frm_primary_label\">When is the best time to call you?\r\n        <span class=\"frm_required\"><\/span>\r\n    <\/label>\r\n    \t\t<select name=\"item_meta[324]\" id=\"field_kftj0\"  data-invmsg=\"When is the best time to call you? est non valide\" aria-invalid=\"false\"  >\n\t\t<option  value=\"\" selected='selected'>Select<\/option><option  value=\"9a-12p\">9a-12p<\/option><option  value=\"12p-3p\">12p-3p<\/option><option  value=\"3p-5p\">3p-5p<\/option>\t<\/select>\n\t\r\n    \r\n    \r\n<\/div>\n<div id=\"frm_field_90_container\" class=\"frm_form_field form-field  frm_required_field frm_top_container frm_full\">\r\n    <label for=\"field_e6lis62\" class=\"frm_primary_label\">Sujet\r\n        <span class=\"frm_required\">*<\/span>\r\n    <\/label>\r\n    <input  type=\"text\" id=\"field_e6lis62\" name=\"item_meta[90]\" value=\"\"  maxlength=\"40\" data-reqmsg=\"Sujet cannot be blank.\" aria-required=\"true\" data-invmsg=\"Subject is invalid\" aria-invalid=\"false\"   \/>\r\n    \r\n    \r\n<\/div>\n<div id=\"frm_field_116_container\" class=\"frm_form_field form-field  frm_required_field frm_top_container\">\r\n    <label for=\"field_llrj6\" class=\"frm_primary_label\">How can we assist you?\r\n        <span class=\"frm_required\">*<\/span>\r\n    <\/label>\r\n    \t\t<select name=\"item_meta[116]\" id=\"field_llrj6\"  data-reqmsg=\"How can we assist you? cannot be blank.\" aria-required=\"true\" data-invmsg=\"How can we assist you? est non valide\" aria-invalid=\"false\"  >\n\t\t<option  value=\"Credit Counselling \/ Financial Advice\">Credit Counselling \/ Financial Advice<\/option><option  value=\"Debt Repayment \/ Consolidation\">Debt Repayment \/ Consolidation<\/option><option  value=\"Consumer Proposal \/ Bankruptcy\">Consumer Proposal \/ Bankruptcy<\/option><option  value=\"Student Loans\">Student Loans<\/option><option  value=\"Credit Score\">Credit Score<\/option><option  value=\"Financial Literacy \/ Community Resources\">Financial Literacy \/ Community Resources<\/option>\t<\/select>\n\t\r\n    \r\n    \r\n<\/div>\n<div id=\"frm_field_120_container\" class=\"frm_form_field form-field  frm_required_field frm_top_container\">\r\n    <label for=\"field_wvmsj\" id=\"field_wvmsj_label\" class=\"frm_primary_label\">How did you hear about us?\r\n        <span class=\"frm_required\">*<\/span>\r\n    <\/label>\r\n    \t\t<select name=\"item_meta[120]\" id=\"field_wvmsj\"  data-reqmsg=\"How did you hear about us? cannot be blank.\" aria-required=\"true\" data-invmsg=\"How did you hear about us? est non valide\" aria-invalid=\"false\"  >\n\t\t<option  value=\"Newspaper\">Newspaper<\/option><option  value=\"Friend\">Friend<\/option><option  value=\"Family Member\">Family Member<\/option><option  value=\"Church\">Church<\/option><option  value=\"Web Search\">Web Search<\/option><option  value=\"Social Media\">Social Media<\/option><option  value=\"Creditor\/Bank\">Creditor\/Bank<\/option>\t<\/select>\n\t\r\n    \r\n    \r\n<\/div>\n\t\t<input  type=\"hidden\" name=\"item_meta[258]\" id=\"field_1tiq7\" value=\"Enter here\"  data-frmval=\"Enter here\"   \/>\n\t\t<div id=\"frm_field_290_container\" class=\"frm_form_field form-field  frm_required_field frm_top_container\">\r\n    <label for=\"field_bh7cb\" id=\"field_bh7cb_label\" class=\"frm_primary_label\">Closest Major City\r\n        <span class=\"frm_required\">*<\/span>\r\n    <\/label>\r\n    \t\t<select name=\"item_meta[290]\" id=\"field_bh7cb\"  data-reqmsg=\"Closest Major City cannot be blank.\" aria-required=\"true\" data-invmsg=\"Closest Major City est non valide\" aria-invalid=\"false\"  >\n\t\t<option  value=\"\" selected='selected'>Select<\/option><option  value=\"Abbotsford\">Abbotsford<\/option><option  value=\"Barrie\">Barrie<\/option><option  value=\"Brampton\">Brampton<\/option><option  value=\"Burnaby\">Burnaby<\/option><option  value=\"Calgary\">Calgary<\/option><option  value=\"Charlottetown\">Charlottetown<\/option><option  value=\"Dartmouth\">Dartmouth<\/option><option  value=\"Delta-Surrey\">Delta-Surrey<\/option><option  value=\"Edmonton\">Edmonton<\/option><option  value=\"Fort McMurray\">Fort McMurray<\/option><option  value=\"Fredericton\">Fredericton<\/option><option  value=\"Grande Prairie\">Grande Prairie<\/option><option  value=\"Hamilton\">Hamilton<\/option><option  value=\"Kelowna\">Kelowna<\/option><option  value=\"Lethbridge\">Lethbridge<\/option><option  value=\"London\">London<\/option><option  value=\"Markham\">Markham<\/option><option  value=\"Medicine Hat\">Medicine Hat<\/option><option  value=\"Mississauga\">Mississauga<\/option><option  value=\"Moncton\">Moncton<\/option><option  value=\"Nanaimo\">Nanaimo<\/option><option  value=\"New Glasgow\">New Glasgow<\/option><option  value=\"New Westminster\">New Westminster<\/option><option  value=\"Niagara\">Niagara<\/option><option  value=\"Nipissing\">Nipissing<\/option><option  value=\"North West\">North West (Virtual)<\/option><option  value=\"North York\">North York<\/option><option  value=\"Oakville\">Oakville<\/option><option  value=\"Oshawa\">Oshawa<\/option><option  value=\"Ottawa\">Ottawa<\/option><option  value=\"Peterborough\">Peterborough<\/option><option  value=\"Quebec\">Quebec (Virtual)<\/option><option  value=\"Red Deer\">Red Deer<\/option><option  value=\"Regina\">Regina<\/option><option  value=\"Sarnia\">Sarnia<\/option><option  value=\"Saskatoon\">Saskatoon<\/option><option  value=\"Scarborough\">Scarborough<\/option><option  value=\"St. Johns, NB\">St. Johns, NB<\/option><option  value=\"St. Johns, NFL\">St. Johns, NFL<\/option><option  value=\"St. Marie\">Sault St. Marie<\/option><option  value=\"St. Catherines\">St. Catherines<\/option><option  value=\"Sudbury\">Sudbury<\/option><option  value=\"Summerside\">Summerside<\/option><option  value=\"Surrey\">Surrey<\/option><option  value=\"Sydney\">Sydney<\/option><option  value=\"Thunder Bay\">Thunder Bay<\/option><option  value=\"Timmins\">Timmins<\/option><option  value=\"Toronto\">Toronto<\/option><option  value=\"Truro\">Truro<\/option><option  value=\"Vancouver\">Vancouver<\/option><option  value=\"Victoria\">Victoria<\/option><option  value=\"Welland\">Welland<\/option><option  value=\"Windsor\">Windsor<\/option><option  value=\"Winnipeg\">Winnipeg<\/option><option  value=\"Yukon\">Yukon (Virtual)<\/option><option  value=\"Others\">Others<\/option>\t<\/select>\n\t\r\n    \r\n    \r\n<\/div>\n<div id=\"frm_field_289_container\" class=\"frm_form_field form-field  frm_required_field frm_top_container\">\r\n    <label for=\"field_majko\" id=\"field_majko_label\" class=\"frm_primary_label\">Province\r\n        <span class=\"frm_required\">*<\/span>\r\n    <\/label>\r\n    \t\t<select name=\"item_meta[289]\" id=\"field_majko\"  data-reqmsg=\"Province cannot be blank.\" aria-required=\"true\" data-invmsg=\"Province est non valide\" aria-invalid=\"false\"  >\n\t\t<option  value=\"\" selected='selected'>Select<\/option><option  value=\"Alberta\">Alberta<\/option><option  value=\"British Columbia\">British Columbia<\/option><option  value=\"Manitoba\">Manitoba<\/option><option  value=\"New Brunswick\">New Brunswick<\/option><option  value=\"NewFoundland &amp; Labrador\">NewFoundland &amp; Labrador<\/option><option  value=\"North West Territories\">North West Territories (Virtual)<\/option><option  value=\"Nova Scotia\">Nova Scotia<\/option><option  value=\"Ontario\">Ontario<\/option><option  value=\"Prince Edward Island\">Prince Edward Island<\/option><option  value=\"Quebec\">Quebec (Virtual)<\/option><option  value=\"Saskatchewan\">Saskatchewan<\/option><option  value=\"Yukon Territory\">Yukon Territory (Virtual)<\/option>\t<\/select>\n\t\r\n    \r\n    \r\n<\/div>\n<div id=\"frm_field_91_container\" class=\"frm_form_field form-field  frm_required_field frm_top_container frm_full\">\r\n    <label for=\"field_9jv0r12\" class=\"frm_primary_label\">Message\r\n        <span class=\"frm_required\">*<\/span>\r\n    <\/label>\r\n    <input  type=\"text\" id=\"field_9jv0r12\" name=\"item_meta[91]\" value=\"\"  maxlength=\"250\" data-reqmsg=\"Cette zone ne droit pas \u00eatre en blanc.\" aria-required=\"true\" data-invmsg=\"Message is invalid\" aria-invalid=\"false\"   \/>\r\n    \r\n    \r\n<\/div>\n<div id=\"frm_field_118_container\" class=\"frm_form_field form-field  frm_required_field frm_top_container vertical_radio\">\r\n    <label for=\"field_muukp\" class=\"frm_primary_label\">Consent to receive electronic messages\r\n        <span class=\"frm_required\">*<\/span>\r\n    <\/label>\r\n    <div class=\"frm_opt_container\">\t\t<div class=\"frm_checkbox\" id=\"frm_checkbox_118-0\">\t\t\t<label  for=\"field_muukp-0\">\n\t\t\t<input type=\"checkbox\" name=\"item_meta[118][]\" id=\"field_muukp-0\" value=\"Option 1\"  data-reqmsg=\"Consent to receive electronic messages cannot be blank.\" data-invmsg=\"Consent to receive electronic messages est non valide\"   aria-required=\"true\"  \/> I consent to receive electronic messages via email and to my mobile device from Credit Counselling Canada regarding member services (including tips, newsletter and promotions). You can withdraw your consent at any time.<\/label><\/div>\n<\/div>\r\n    \r\n    \r\n<\/div>\n<div id=\"frm_field_92_container\" class=\"frm_form_field form-field  frm_none_container\">\r\n    <label for=\"g-recaptcha-response\" class=\"frm_primary_label\">Captcha\r\n        <span class=\"frm_required\"><\/span>\r\n    <\/label>\r\n    <div  id=\"field_62n6q32\" class=\"g-recaptcha\" data-sitekey=\"6LfM8g0UAAAAALs2TwK_jA_fLj72JNhV-KoZUkDz\" data-size=\"normal\" data-theme=\"light\"><\/div>\r\n    \r\n    \r\n<\/div>\n<input type=\"hidden\" name=\"item_meta[397]\" id=\"field_scp6z\" value=\"\" data-frmval=\"\"\/>\n\t<input type=\"hidden\" name=\"item_key\" value=\"\" \/>\n\t\t\t<div id=\"frm_field_398_container\">\n\t\t\t<label for=\"field_cnihg\" >\n\t\t\t\tSi vous \u00eates un humain, ne remplissez pas ce champ.\t\t\t<\/label>\n\t\t\t<input  id=\"field_cnihg\" type=\"text\" class=\"frm_form_field form-field frm_verify\" name=\"item_meta[398]\" value=\"\"  \/>\n\t\t<\/div>\n\t\t<input name=\"frm_state\" type=\"hidden\" value=\"njptiFTUuAmGu3peUpxx0IaYQKLyRsAydF7evZ7wyg13mH38oDNKCfuDwrHZa8H2\" \/><div class=\"frm_submit\">\r\n\r\n<input type=\"submit\" value=\"Envoyer\"  class=\"frm_final_submit\" formnovalidate=\"formnovalidate\" \/>\r\n<img decoding=\"async\" class=\"frm_ajax_loading\" src=\"https:\/\/dev.creditcounsellingcanada.ca\/wp-content\/plugins\/formidable\/images\/ajax_loader.gif\" alt=\"Sending\"\/>\r\n\r\n<\/div><\/div>\n<\/fieldset>\n<\/div>\n\n<\/form>\n<\/div>\n [\/et_pb_text][\/et_pb_column][\/et_pb_row][\/et_pb_section]<\/p>\n","protected":false},"excerpt":{"rendered":"<p>Composez le 1-866-398-5999\u00a0pour fixer un rendez-vous avec un conseiller financier agr\u00e9\u00e9 ou trouvez un conseiller en utilisant la carte. Conseil en cr\u00e9dit du Canada 1600 &#8211; 401, rue Bay Toronto [&hellip;]<\/p>\n","protected":false},"author":1,"featured_media":0,"parent":0,"menu_order":0,"comment_status":"closed","ping_status":"closed","template":"","meta":{"_et_pb_use_builder":"on","_et_pb_old_content":"<a href=\"\/ccca?page_id=599\">Find a Counsellor<\/a>\u00a0or call <a href=\"tel:18663985999\">1-866-398-5999<\/a>\r\n\r\n<a href=\"https:\/\/dev.creditcounsellingcanada.ca\/locate-a-counsellor>Ask A Personal Finance Question \u2013 Find a Counsellor<\/a>\r\n\r\nCredit Counselling Canada, 401 Bay Street, Suite 1600, Toronto ON M5H 2Y4\r\n\u00a0\r\nPlease use the form below to contact us by email\r\n\r\n[formidable id=\"7\"]","_et_gb_content_width":"","_monsterinsights_skip_tracking":false,"_monsterinsights_sitenote_active":false,"_monsterinsights_sitenote_note":"","_monsterinsights_sitenote_category":0,"footnotes":""},"class_list":["post-1148","page","type-page","status-publish","hentry"],"yoast_head":"<!-- This site is optimized with the Yoast SEO plugin v27.5 - https:\/\/yoast.com\/product\/yoast-seo-wordpress\/ -->\n<title>Contactez-nous - Conseil en cr\u00e9dit du Canada, 2017<\/title>\n<meta name=\"robots\" content=\"noindex, follow, max-snippet:-1, max-image-preview:large, max-video-preview:-1\" \/>\n<meta property=\"og:locale\" content=\"fr_FR\" \/>\n<meta property=\"og:type\" content=\"article\" \/>\n<meta property=\"og:title\" content=\"Contactez-nous - Conseil en cr\u00e9dit du Canada, 2017\" \/>\n<meta property=\"og:description\" content=\"Composez le 1-866-398-5999\u00a0pour fixer un rendez-vous avec un conseiller financier agr\u00e9\u00e9 ou trouvez un conseiller en utilisant la carte. Conseil en cr\u00e9dit du Canada 1600 - 401, rue Bay Toronto [&hellip;]\" \/>\n<meta property=\"og:url\" content=\"https:\/\/dev.creditcounsellingcanada.ca\/fr\/contactez-nous\/\" \/>\n<meta property=\"og:site_name\" content=\"Conseil en cr\u00e9dit du Canada, 2017\" \/>\n<meta property=\"article:modified_time\" content=\"2017-03-13T19:11:02+00:00\" \/>\n<meta name=\"twitter:card\" content=\"summary_large_image\" \/>\n<meta name=\"twitter:label1\" content=\"Dur\u00e9e de lecture estim\u00e9e\" \/>\n\t<meta name=\"twitter:data1\" content=\"1 minute\" \/>\n<script type=\"application\/ld+json\" class=\"yoast-schema-graph\">{\"@context\":\"https:\\\/\\\/schema.org\",\"@graph\":[{\"@type\":\"WebPage\",\"@id\":\"https:\\\/\\\/dev.creditcounsellingcanada.ca\\\/fr\\\/contactez-nous\\\/\",\"url\":\"https:\\\/\\\/dev.creditcounsellingcanada.ca\\\/fr\\\/contactez-nous\\\/\",\"name\":\"Contactez-nous - Conseil en cr\u00e9dit du Canada, 2017\",\"isPartOf\":{\"@id\":\"https:\\\/\\\/dev.creditcounsellingcanada.ca\\\/fr\\\/#website\"},\"datePublished\":\"2017-01-08T22:00:58+00:00\",\"dateModified\":\"2017-03-13T19:11:02+00:00\",\"breadcrumb\":{\"@id\":\"https:\\\/\\\/dev.creditcounsellingcanada.ca\\\/fr\\\/contactez-nous\\\/#breadcrumb\"},\"inLanguage\":\"fr-FR\",\"potentialAction\":[{\"@type\":\"ReadAction\",\"target\":[\"https:\\\/\\\/dev.creditcounsellingcanada.ca\\\/fr\\\/contactez-nous\\\/\"]}]},{\"@type\":\"BreadcrumbList\",\"@id\":\"https:\\\/\\\/dev.creditcounsellingcanada.ca\\\/fr\\\/contactez-nous\\\/#breadcrumb\",\"itemListElement\":[{\"@type\":\"ListItem\",\"position\":1,\"name\":\"Home\",\"item\":\"https:\\\/\\\/dev.creditcounsellingcanada.ca\\\/fr\\\/\"},{\"@type\":\"ListItem\",\"position\":2,\"name\":\"Contactez-nous\"}]},{\"@type\":\"WebSite\",\"@id\":\"https:\\\/\\\/dev.creditcounsellingcanada.ca\\\/fr\\\/#website\",\"url\":\"https:\\\/\\\/dev.creditcounsellingcanada.ca\\\/fr\\\/\",\"name\":\"Conseil en cr\u00e9dit du Canada, 2017\",\"description\":\"Canada\u2019s Specialists in Debt Consolidation Alternatives &amp; Credit Counselling\",\"potentialAction\":[{\"@type\":\"SearchAction\",\"target\":{\"@type\":\"EntryPoint\",\"urlTemplate\":\"https:\\\/\\\/dev.creditcounsellingcanada.ca\\\/fr\\\/?s={search_term_string}\"},\"query-input\":{\"@type\":\"PropertyValueSpecification\",\"valueRequired\":true,\"valueName\":\"search_term_string\"}}],\"inLanguage\":\"fr-FR\"}]}<\/script>\n<!-- \/ Yoast SEO plugin. -->","yoast_head_json":{"title":"Contactez-nous - Conseil en cr\u00e9dit du Canada, 2017","robots":{"index":"noindex","follow":"follow","max-snippet":"max-snippet:-1","max-image-preview":"max-image-preview:large","max-video-preview":"max-video-preview:-1"},"og_locale":"fr_FR","og_type":"article","og_title":"Contactez-nous - Conseil en cr\u00e9dit du Canada, 2017","og_description":"Composez le 1-866-398-5999\u00a0pour fixer un rendez-vous avec un conseiller financier agr\u00e9\u00e9 ou trouvez un conseiller en utilisant la carte. Conseil en cr\u00e9dit du Canada 1600 - 401, rue Bay Toronto [&hellip;]","og_url":"https:\/\/dev.creditcounsellingcanada.ca\/fr\/contactez-nous\/","og_site_name":"Conseil en cr\u00e9dit du Canada, 2017","article_modified_time":"2017-03-13T19:11:02+00:00","twitter_card":"summary_large_image","twitter_misc":{"Dur\u00e9e de lecture estim\u00e9e":"1 minute"},"schema":{"@context":"https:\/\/schema.org","@graph":[{"@type":"WebPage","@id":"https:\/\/dev.creditcounsellingcanada.ca\/fr\/contactez-nous\/","url":"https:\/\/dev.creditcounsellingcanada.ca\/fr\/contactez-nous\/","name":"Contactez-nous - Conseil en cr\u00e9dit du Canada, 2017","isPartOf":{"@id":"https:\/\/dev.creditcounsellingcanada.ca\/fr\/#website"},"datePublished":"2017-01-08T22:00:58+00:00","dateModified":"2017-03-13T19:11:02+00:00","breadcrumb":{"@id":"https:\/\/dev.creditcounsellingcanada.ca\/fr\/contactez-nous\/#breadcrumb"},"inLanguage":"fr-FR","potentialAction":[{"@type":"ReadAction","target":["https:\/\/dev.creditcounsellingcanada.ca\/fr\/contactez-nous\/"]}]},{"@type":"BreadcrumbList","@id":"https:\/\/dev.creditcounsellingcanada.ca\/fr\/contactez-nous\/#breadcrumb","itemListElement":[{"@type":"ListItem","position":1,"name":"Home","item":"https:\/\/dev.creditcounsellingcanada.ca\/fr\/"},{"@type":"ListItem","position":2,"name":"Contactez-nous"}]},{"@type":"WebSite","@id":"https:\/\/dev.creditcounsellingcanada.ca\/fr\/#website","url":"https:\/\/dev.creditcounsellingcanada.ca\/fr\/","name":"Conseil en cr\u00e9dit du Canada, 2017","description":"Canada\u2019s Specialists in Debt Consolidation Alternatives &amp; Credit Counselling","potentialAction":[{"@type":"SearchAction","target":{"@type":"EntryPoint","urlTemplate":"https:\/\/dev.creditcounsellingcanada.ca\/fr\/?s={search_term_string}"},"query-input":{"@type":"PropertyValueSpecification","valueRequired":true,"valueName":"search_term_string"}}],"inLanguage":"fr-FR"}]}},"_links":{"self":[{"href":"https:\/\/dev.creditcounsellingcanada.ca\/fr\/wp-json\/wp\/v2\/pages\/1148","targetHints":{"allow":["GET"]}}],"collection":[{"href":"https:\/\/dev.creditcounsellingcanada.ca\/fr\/wp-json\/wp\/v2\/pages"}],"about":[{"href":"https:\/\/dev.creditcounsellingcanada.ca\/fr\/wp-json\/wp\/v2\/types\/page"}],"author":[{"embeddable":true,"href":"https:\/\/dev.creditcounsellingcanada.ca\/fr\/wp-json\/wp\/v2\/users\/1"}],"replies":[{"embeddable":true,"href":"https:\/\/dev.creditcounsellingcanada.ca\/fr\/wp-json\/wp\/v2\/comments?post=1148"}],"version-history":[{"count":5,"href":"https:\/\/dev.creditcounsellingcanada.ca\/fr\/wp-json\/wp\/v2\/pages\/1148\/revisions"}],"predecessor-version":[{"id":2240,"href":"https:\/\/dev.creditcounsellingcanada.ca\/fr\/wp-json\/wp\/v2\/pages\/1148\/revisions\/2240"}],"wp:attachment":[{"href":"https:\/\/dev.creditcounsellingcanada.ca\/fr\/wp-json\/wp\/v2\/media?parent=1148"}],"curies":[{"name":"wp","href":"https:\/\/api.w.org\/{rel}","templated":true}]}}